{"id":1012,"date":"2024-09-11T10:54:26","date_gmt":"2024-09-11T10:54:26","guid":{"rendered":"https:\/\/nepasimauk.lt\/?page_id=1012"},"modified":"2025-10-09T05:32:29","modified_gmt":"2025-10-09T05:32:29","slug":"desinformatsiooni-mang","status":"publish","type":"page","link":"https:\/\/nepasimauk.lt\/et\/desinformatsiooni-mang","title":{"rendered":"Desinformatsiooni m\u00e4ng"},"content":{"rendered":"<div class=\"wpb-content-wrapper\"><p>[vc_row row_height_percent=&#8221;0&#8243; back_color=&#8221;color-648305&#8243; back_image=&#8221;403&#8243; overlay_alpha=&#8221;50&#8243; gutter_size=&#8221;3&#8243; column_width_percent=&#8221;100&#8243; shift_y=&#8221;0&#8243; z_index=&#8221;0&#8243; uncode_shortcode_id=&#8221;368514&#8243; back_color_type=&#8221;uncode-palette&#8221;][vc_column width=&#8221;1\/1&#8243;][vc_row_inner row_inner_height_percent=&#8221;0&#8243; overlay_alpha=&#8221;50&#8243; equal_height=&#8221;yes&#8221; gutter_size=&#8221;3&#8243; shift_y=&#8221;0&#8243; z_index=&#8221;0&#8243; uncode_shortcode_id=&#8221;575098&#8243;][vc_column_inner width=&#8221;1\/2&#8243;][vc_single_image media=&#8221;1026&#8243; media_width_percent=&#8221;100&#8243; uncode_shortcode_id=&#8221;980106&#8243;][vc_single_image media=&#8221;1462&#8243; media_width_percent=&#8221;100&#8243; uncode_shortcode_id=&#8221;304258&#8243;][vc_column_text text_color=&#8221;color-xsdn&#8221; uncode_shortcode_id=&#8221;100476&#8243; text_color_type=&#8221;uncode-palette&#8221;]*Hoiatus! M\u00e4ng ei ole optimeeritud Apple\u2019i seadmete ja tahvelarvutite jaoks.[\/vc_column_text][vc_button button_color=&#8221;color-331024&#8243; radius=&#8221;btn-circle&#8221; border_width=&#8221;0&#8243; button_color_type=&#8221;uncode-palette&#8221; uncode_shortcode_id=&#8221;112348&#8243; link=&#8221;url:https%3A%2F%2Fdrive.google.com%2Ffile%2Fd%2F1nGD3veFyjomg5eAqx4jDHUapGbfU7SEy%2Fview%3Fusp%3Dsharing|title:Virtualus%20%C5%BEaidimas|target:_blank&#8221; icon=&#8221;fa fa-download3&#8243;]M\u00e4ngu allalaadimine[\/vc_button][vc_button button_color=&#8221;color-331024&#8243; radius=&#8221;btn-circle&#8221; border_width=&#8221;0&#8243; link=&#8221;url:https%3A%2F%2Fnepasimauk.lt%2Fwp-content%2Fuploads%2F2025%2F10%2FKuidas-ma%CC%88ngu-alustada_.pdf|title:Kuidas%20m%C3%A4ngu%20alustada%3F|target:_blank&#8221; button_color_type=&#8221;uncode-palette&#8221; icon=&#8221;fa fa-download3&#8243; uncode_shortcode_id=&#8221;171206&#8243;]Kuidas m\u00e4ngu alustada?[\/vc_button][\/vc_column_inner][vc_column_inner column_width_percent=&#8221;100&#8243; position_vertical=&#8221;middle&#8221; gutter_size=&#8221;3&#8243; overlay_alpha=&#8221;50&#8243; shift_x=&#8221;0&#8243; shift_y=&#8221;0&#8243; shift_y_down=&#8221;0&#8243; z_index=&#8221;0&#8243; medium_width=&#8221;0&#8243; mobile_width=&#8221;0&#8243; width=&#8221;1\/2&#8243; uncode_shortcode_id=&#8221;798982&#8243;][vc_single_image media=&#8221;400&#8243; media_width_percent=&#8221;100&#8243; uncode_shortcode_id=&#8221;213091&#8243;][\/vc_column_inner][\/vc_row_inner][\/vc_column][\/vc_row][vc_row row_height_percent=&#8221;0&#8243; override_padding=&#8221;yes&#8221; h_padding=&#8221;2&#8243; top_padding=&#8221;3&#8243; bottom_padding=&#8221;3&#8243; back_color=&#8221;color-xsdn&#8221; overlay_alpha=&#8221;50&#8243; gutter_size=&#8221;3&#8243; column_width_percent=&#8221;100&#8243; shift_y=&#8221;0&#8243; z_index=&#8221;0&#8243; uncode_shortcode_id=&#8221;214366&#8243; back_color_type=&#8221;uncode-palette&#8221;][vc_column width=&#8221;1\/1&#8243;][vc_row_inner row_inner_height_percent=&#8221;0&#8243; overlay_alpha=&#8221;50&#8243; equal_height=&#8221;yes&#8221; gutter_size=&#8221;3&#8243; shift_y=&#8221;0&#8243; z_index=&#8221;0&#8243; uncode_shortcode_id=&#8221;753991&#8243;][vc_column_inner column_width_percent=&#8221;100&#8243; position_vertical=&#8221;middle&#8221; gutter_size=&#8221;3&#8243; overlay_alpha=&#8221;50&#8243; shift_x=&#8221;0&#8243; shift_y=&#8221;0&#8243; shift_y_down=&#8221;0&#8243; z_index=&#8221;0&#8243; medium_width=&#8221;0&#8243; mobile_width=&#8221;0&#8243; width=&#8221;1\/2&#8243; uncode_shortcode_id=&#8221;231494&#8243;][vc_single_image media=&#8221;406&#8243; media_width_percent=&#8221;100&#8243; uncode_shortcode_id=&#8221;172261&#8243;][\/vc_column_inner][vc_column_inner column_width_percent=&#8221;100&#8243; position_vertical=&#8221;middle&#8221; gutter_size=&#8221;3&#8243; overlay_alpha=&#8221;50&#8243; shift_x=&#8221;0&#8243; shift_y=&#8221;0&#8243; shift_y_down=&#8221;0&#8243; z_index=&#8221;0&#8243; medium_width=&#8221;0&#8243; mobile_width=&#8221;0&#8243; width=&#8221;1\/2&#8243; uncode_shortcode_id=&#8221;510324&#8243;][vc_single_image media=&#8221;1036&#8243; media_width_percent=&#8221;100&#8243; uncode_shortcode_id=&#8221;964634&#8243;][vc_column_text text_color=&#8221;color-100192&#8243; uncode_shortcode_id=&#8221;939026&#8243; text_color_type=&#8221;uncode-palette&#8221;]Kutsume \u00f5petajaid \u00fcles saama m\u00e4ngu saadikuteks, osaledes tasuta kursusel ja seej\u00e4rel andes tunde iseseisvalt. Kursuse l\u00e4bimise kohta v\u00e4ljastatakse tunnistus ning osalejad saavad CRI-lt kuni 150 euro v\u00e4\u00e4rtuses p\u00f5nevaid kingitusi.[\/vc_column_text][vc_button button_color=&#8221;color-331024&#8243; radius=&#8221;btn-circle&#8221; border_width=&#8221;0&#8243; button_color_type=&#8221;uncode-palette&#8221; uncode_shortcode_id=&#8221;161219&#8243; link=&#8221;url:https%3A%2F%2Fnepasimauk.lt%2Fet%2Falusta-virtuaalset-seiklust%2F%23ambasadorius|title:Virtualus%20%C5%BEaidimas&#8221; icon=&#8221;fa fa-heart&#8221;]Hakka suursaadikuks[\/vc_button][\/vc_column_inner][\/vc_row_inner][\/vc_column][\/vc_row][vc_row unlock_row_content=&#8221;yes&#8221; row_height_percent=&#8221;0&#8243; override_padding=&#8221;yes&#8221; h_padding=&#8221;0&#8243; top_padding=&#8221;2&#8243; bottom_padding=&#8221;2&#8243; back_color=&#8221;color-648305&#8243; overlay_alpha=&#8221;50&#8243; gutter_size=&#8221;3&#8243; column_width_percent=&#8221;100&#8243; shift_y=&#8221;0&#8243; z_index=&#8221;0&#8243; uncode_shortcode_id=&#8221;172704&#8243; back_color_type=&#8221;uncode-palette&#8221;][vc_column width=&#8221;1\/1&#8243;][vc_single_image media=&#8221;1314&#8243; media_width_percent=&#8221;100&#8243; uncode_shortcode_id=&#8221;341607&#8243;][\/vc_column][\/vc_row][vc_row row_height_percent=&#8221;0&#8243; override_padding=&#8221;yes&#8221; h_padding=&#8221;2&#8243; top_padding=&#8221;3&#8243; bottom_padding=&#8221;3&#8243; back_color=&#8221;color-xsdn&#8221; overlay_alpha=&#8221;50&#8243; gutter_size=&#8221;3&#8243; column_width_percent=&#8221;100&#8243; shift_y=&#8221;0&#8243; z_index=&#8221;0&#8243; uncode_shortcode_id=&#8221;234324&#8243; back_color_type=&#8221;uncode-palette&#8221;][vc_column column_width_percent=&#8221;100&#8243; position_vertical=&#8221;middle&#8221; gutter_size=&#8221;3&#8243; overlay_alpha=&#8221;50&#8243; shift_x=&#8221;0&#8243; shift_y=&#8221;0&#8243; shift_y_down=&#8221;0&#8243; z_index=&#8221;0&#8243; medium_width=&#8221;0&#8243; mobile_width=&#8221;0&#8243; width=&#8221;1\/2&#8243; uncode_shortcode_id=&#8221;644505&#8243;][vc_single_image media=&#8221;1309&#8243; media_width_percent=&#8221;100&#8243; uncode_shortcode_id=&#8221;167402&#8243;][vc_column_text text_color=&#8221;color-100192&#8243; uncode_shortcode_id=&#8221;603744&#8243; text_color_type=&#8221;uncode-palette&#8221;]Iga m\u00e4ngija progressi m\u00e4ngus ei m\u00f5\u00f5deta traditsiooniliselt \u00f5ige v\u00f5i vale vastuse prisma kaudu, vaid m\u00e4ngija v\u00f5ime j\u00e4rgi anal\u00fc\u00fcsida ja t\u00f5lgendada teavet kahtlase veebisisu v\u00f5i k\u00e4itumise kohta internetis. See t\u00e4hendab, et m\u00e4ng matkib tegelikkust, kus ei ole alati selge, kas valitud tee on \u00f5ige v\u00f5i vale.[\/vc_column_text][vc_accordion gutter_simple=&#8221;0&#8243; uncode_shortcode_id=&#8221;901196&#8243; active_tab=&#8221;0&#8243;][vc_accordion_tab gutter_size=&#8221;2&#8243; column_padding=&#8221;2&#8243; title=&#8221;Loe edasi&#8221; tab_id=&#8221;1726054421-1-91&#8243;][vc_column_text uncode_shortcode_id=&#8221;255378&#8243;]M\u00e4ngu \u00fcks peamisi eesm\u00e4rke on julgustada m\u00e4ngijaid tundma ja kriitiliselt hindama kahtlast k\u00e4itumist internetis, selle asemel, et lihtsalt kiirustada \u00fclesannetega, et koguda v\u00f5imalikult palju punkte. M\u00e4ngus on lubatud teha vigu, et julgustada m\u00e4ngijaid oma otsustest \u00f5ppima ja m\u00f5istma, et tegelikus elus ei ole sageli selgeid olukordi. See lisab m\u00e4ngule elutarkuse v\u00e4\u00e4rtust ja aitab m\u00e4ngijatel m\u00f5ista, kui oluline on teabe hoolikas ja kriitiline hindamine.<\/p>\n<p>M\u00e4ngijate tulemuste anal\u00fc\u00fcs on m\u00e4ngu oluline element, sest see on arutelu etapi aluseks. Selle etapi jooksul saab iga m\u00e4ngija teistelt m\u00e4ngijatelt tagasisidet, mis on oluline \u00f5ppevahend, et parandada oma oskusi erinevate stsenaariumide \u00e4ratundmisel ja nendele reageerimisel internetis.[\/vc_column_text][\/vc_accordion_tab][\/vc_accordion][\/vc_column][vc_column column_width_percent=&#8221;100&#8243; position_vertical=&#8221;middle&#8221; gutter_size=&#8221;3&#8243; overlay_alpha=&#8221;50&#8243; shift_x=&#8221;0&#8243; shift_y=&#8221;0&#8243; shift_y_down=&#8221;0&#8243; z_index=&#8221;0&#8243; medium_width=&#8221;0&#8243; mobile_width=&#8221;0&#8243; width=&#8221;1\/2&#8243; uncode_shortcode_id=&#8221;980009&#8243;][vc_raw_html]JTNDaWZyYW1lJTIwd2lkdGglM0QlMjI1NjAlMjIlMjBoZWlnaHQlM0QlMjIzMTUlMjIlMjBzcmMlM0QlMjJodHRwcyUzQSUyRiUyRnd3dy55b3V0dWJlLmNvbSUyRmVtYmVkJTJGNzJWOVVXN1hKemslM0ZzaSUzRExHX1RFR2c3b0pMTWkxOVAlMjIlMjB0aXRsZSUzRCUyMllvdVR1YmUlMjB2aWRlbyUyMHBsYXllciUyMiUyMGZyYW1lYm9yZGVyJTNEJTIyMCUyMiUyMGFsbG93JTNEJTIyYWNjZWxlcm9tZXRlciUzQiUyMGF1dG9wbGF5JTNCJTIwY2xpcGJvYXJkLXdyaXRlJTNCJTIwZW5jcnlwdGVkLW1lZGlhJTNCJTIwZ3lyb3Njb3BlJTNCJTIwcGljdHVyZS1pbi1waWN0dXJlJTNCJTIwd2ViLXNoYXJlJTIyJTIwcmVmZXJyZXJwb2xpY3klM0QlMjJzdHJpY3Qtb3JpZ2luLXdoZW4tY3Jvc3Mtb3JpZ2luJTIyJTIwYWxsb3dmdWxsc2NyZWVuJTNFJTNDJTJGaWZyYW1lJTNF[\/vc_raw_html][\/vc_column][\/vc_row]<\/p>\n<\/div>","protected":false},"excerpt":{"rendered":"<p>[vc_row row_height_percent=&#8221;0&#8243; back_color=&#8221;color-648305&#8243; back_image=&#8221;403&#8243; overlay_alpha=&#8221;50&#8243; gutter_size=&#8221;3&#8243; column_width_percent=&#8221;100&#8243; shift_y=&#8221;0&#8243; z_index=&#8221;0&#8243; uncode_shortcode_id=&#8221;368514&#8243; back_color_type=&#8221;uncode-palette&#8221;][vc_column width=&#8221;1\/1&#8243;][vc_row_inner row_inner_height_percent=&#8221;0&#8243; overlay_alpha=&#8221;50&#8243; equal_height=&#8221;yes&#8221; gutter_size=&#8221;3&#8243; shift_y=&#8221;0&#8243; z_index=&#8221;0&#8243; uncode_shortcode_id=&#8221;575098&#8243;][vc_column_inner width=&#8221;1\/2&#8243;][vc_single_image [&hellip;]<\/p>\n","protected":false},"author":1,"featured_media":0,"parent":0,"menu_order":0,"comment_status":"closed","ping_status":"closed","template":"","meta":{"footnotes":""},"yoast_head":"<!-- This site is optimized with the Yoast SEO plugin v22.1 - https:\/\/yoast.com\/wordpress\/plugins\/seo\/ -->\n<title>Desinformatsiooni m\u00e4ng - Nepasimauk.lt<\/title>\n<meta name=\"robots\" content=\"index, follow, max-snippet:-1, max-image-preview:large, max-video-preview:-1\" \/>\n<link rel=\"canonical\" href=\"https:\/\/nepasimauk.lt\/et\/desinformatsiooni-mang\" \/>\n<meta property=\"og:locale\" content=\"et_EE\" \/>\n<meta property=\"og:type\" content=\"article\" \/>\n<meta property=\"og:title\" content=\"Desinformatsiooni m\u00e4ng - Nepasimauk.lt\" \/>\n<meta property=\"og:description\" content=\"[vc_row row_height_percent=&#8221;0&#8243; back_color=&#8221;color-648305&#8243; back_image=&#8221;403&#8243; overlay_alpha=&#8221;50&#8243; gutter_size=&#8221;3&#8243; column_width_percent=&#8221;100&#8243; shift_y=&#8221;0&#8243; z_index=&#8221;0&#8243; uncode_shortcode_id=&#8221;368514&#8243; back_color_type=&#8221;uncode-palette&#8221;][vc_column width=&#8221;1\/1&#8243;][vc_row_inner row_inner_height_percent=&#8221;0&#8243; overlay_alpha=&#8221;50&#8243; equal_height=&#8221;yes&#8221; gutter_size=&#8221;3&#8243; shift_y=&#8221;0&#8243; z_index=&#8221;0&#8243; uncode_shortcode_id=&#8221;575098&#8243;][vc_column_inner width=&#8221;1\/2&#8243;][vc_single_image [&hellip;]\" \/>\n<meta property=\"og:url\" content=\"https:\/\/nepasimauk.lt\/et\/desinformatsiooni-mang\" \/>\n<meta property=\"og:site_name\" content=\"Nepasimauk.lt\" \/>\n<meta property=\"article:modified_time\" content=\"2025-10-09T05:32:29+00:00\" \/>\n<meta name=\"twitter:card\" content=\"summary_large_image\" \/>\n<meta name=\"twitter:label1\" content=\"Est. reading time\" \/>\n\t<meta name=\"twitter:data1\" content=\"3 minutit\" \/>\n<script type=\"application\/ld+json\" class=\"yoast-schema-graph\">{\"@context\":\"https:\/\/schema.org\",\"@graph\":[{\"@type\":\"WebPage\",\"@id\":\"https:\/\/nepasimauk.lt\/et\/desinformatsiooni-mang\",\"url\":\"https:\/\/nepasimauk.lt\/et\/desinformatsiooni-mang\",\"name\":\"Desinformatsiooni m\u00e4ng - Nepasimauk.lt\",\"isPartOf\":{\"@id\":\"https:\/\/nepasimauk.lt\/#website\"},\"datePublished\":\"2024-09-11T10:54:26+00:00\",\"dateModified\":\"2025-10-09T05:32:29+00:00\",\"breadcrumb\":{\"@id\":\"https:\/\/nepasimauk.lt\/et\/desinformatsiooni-mang#breadcrumb\"},\"inLanguage\":\"et\",\"potentialAction\":[{\"@type\":\"ReadAction\",\"target\":[\"https:\/\/nepasimauk.lt\/et\/desinformatsiooni-mang\"]}]},{\"@type\":\"BreadcrumbList\",\"@id\":\"https:\/\/nepasimauk.lt\/et\/desinformatsiooni-mang#breadcrumb\",\"itemListElement\":[{\"@type\":\"ListItem\",\"position\":1,\"name\":\"Home\",\"item\":\"https:\/\/nepasimauk.lt\/et\"},{\"@type\":\"ListItem\",\"position\":2,\"name\":\"Desinformatsiooni m\u00e4ng\"}]},{\"@type\":\"WebSite\",\"@id\":\"https:\/\/nepasimauk.lt\/#website\",\"url\":\"https:\/\/nepasimauk.lt\/\",\"name\":\"Nepasimauk.lt\",\"description\":\"Dezinformacijos atpa\u017einimo priemoni\u0173 rinkinys\",\"publisher\":{\"@id\":\"https:\/\/nepasimauk.lt\/#organization\"},\"potentialAction\":[{\"@type\":\"SearchAction\",\"target\":{\"@type\":\"EntryPoint\",\"urlTemplate\":\"https:\/\/nepasimauk.lt\/?s={search_term_string}\"},\"query-input\":\"required name=search_term_string\"}],\"inLanguage\":\"et\"},{\"@type\":\"Organization\",\"@id\":\"https:\/\/nepasimauk.lt\/#organization\",\"name\":\"Nepasimauk.lt\",\"url\":\"https:\/\/nepasimauk.lt\/\",\"logo\":{\"@type\":\"ImageObject\",\"inLanguage\":\"et\",\"@id\":\"https:\/\/nepasimauk.lt\/#\/schema\/logo\/image\/\",\"url\":\"https:\/\/nepasimauk.lt\/wp-content\/uploads\/2024\/01\/nepasimauk_logo.svg\",\"contentUrl\":\"https:\/\/nepasimauk.lt\/wp-content\/uploads\/2024\/01\/nepasimauk_logo.svg\",\"width\":\"1\",\"height\":\"1\",\"caption\":\"Nepasimauk.lt\"},\"image\":{\"@id\":\"https:\/\/nepasimauk.lt\/#\/schema\/logo\/image\/\"}}]}<\/script>\n<!-- \/ Yoast SEO plugin. -->","yoast_head_json":{"title":"Desinformatsiooni m\u00e4ng - Nepasimauk.lt","robots":{"index":"index","follow":"follow","max-snippet":"max-snippet:-1","max-image-preview":"max-image-preview:large","max-video-preview":"max-video-preview:-1"},"canonical":"https:\/\/nepasimauk.lt\/et\/desinformatsiooni-mang","og_locale":"et_EE","og_type":"article","og_title":"Desinformatsiooni m\u00e4ng - Nepasimauk.lt","og_description":"[vc_row row_height_percent=&#8221;0&#8243; back_color=&#8221;color-648305&#8243; back_image=&#8221;403&#8243; overlay_alpha=&#8221;50&#8243; gutter_size=&#8221;3&#8243; column_width_percent=&#8221;100&#8243; shift_y=&#8221;0&#8243; z_index=&#8221;0&#8243; uncode_shortcode_id=&#8221;368514&#8243; back_color_type=&#8221;uncode-palette&#8221;][vc_column width=&#8221;1\/1&#8243;][vc_row_inner row_inner_height_percent=&#8221;0&#8243; overlay_alpha=&#8221;50&#8243; equal_height=&#8221;yes&#8221; gutter_size=&#8221;3&#8243; shift_y=&#8221;0&#8243; z_index=&#8221;0&#8243; uncode_shortcode_id=&#8221;575098&#8243;][vc_column_inner width=&#8221;1\/2&#8243;][vc_single_image [&hellip;]","og_url":"https:\/\/nepasimauk.lt\/et\/desinformatsiooni-mang","og_site_name":"Nepasimauk.lt","article_modified_time":"2025-10-09T05:32:29+00:00","twitter_card":"summary_large_image","twitter_misc":{"Est. reading time":"3 minutit"},"schema":{"@context":"https:\/\/schema.org","@graph":[{"@type":"WebPage","@id":"https:\/\/nepasimauk.lt\/et\/desinformatsiooni-mang","url":"https:\/\/nepasimauk.lt\/et\/desinformatsiooni-mang","name":"Desinformatsiooni m\u00e4ng - Nepasimauk.lt","isPartOf":{"@id":"https:\/\/nepasimauk.lt\/#website"},"datePublished":"2024-09-11T10:54:26+00:00","dateModified":"2025-10-09T05:32:29+00:00","breadcrumb":{"@id":"https:\/\/nepasimauk.lt\/et\/desinformatsiooni-mang#breadcrumb"},"inLanguage":"et","potentialAction":[{"@type":"ReadAction","target":["https:\/\/nepasimauk.lt\/et\/desinformatsiooni-mang"]}]},{"@type":"BreadcrumbList","@id":"https:\/\/nepasimauk.lt\/et\/desinformatsiooni-mang#breadcrumb","itemListElement":[{"@type":"ListItem","position":1,"name":"Home","item":"https:\/\/nepasimauk.lt\/et"},{"@type":"ListItem","position":2,"name":"Desinformatsiooni m\u00e4ng"}]},{"@type":"WebSite","@id":"https:\/\/nepasimauk.lt\/#website","url":"https:\/\/nepasimauk.lt\/","name":"Nepasimauk.lt","description":"Dezinformacijos atpa\u017einimo priemoni\u0173 rinkinys","publisher":{"@id":"https:\/\/nepasimauk.lt\/#organization"},"potentialAction":[{"@type":"SearchAction","target":{"@type":"EntryPoint","urlTemplate":"https:\/\/nepasimauk.lt\/?s={search_term_string}"},"query-input":"required name=search_term_string"}],"inLanguage":"et"},{"@type":"Organization","@id":"https:\/\/nepasimauk.lt\/#organization","name":"Nepasimauk.lt","url":"https:\/\/nepasimauk.lt\/","logo":{"@type":"ImageObject","inLanguage":"et","@id":"https:\/\/nepasimauk.lt\/#\/schema\/logo\/image\/","url":"https:\/\/nepasimauk.lt\/wp-content\/uploads\/2024\/01\/nepasimauk_logo.svg","contentUrl":"https:\/\/nepasimauk.lt\/wp-content\/uploads\/2024\/01\/nepasimauk_logo.svg","width":"1","height":"1","caption":"Nepasimauk.lt"},"image":{"@id":"https:\/\/nepasimauk.lt\/#\/schema\/logo\/image\/"}}]}},"_links":{"self":[{"href":"https:\/\/nepasimauk.lt\/et\/wp-json\/wp\/v2\/pages\/1012"}],"collection":[{"href":"https:\/\/nepasimauk.lt\/et\/wp-json\/wp\/v2\/pages"}],"about":[{"href":"https:\/\/nepasimauk.lt\/et\/wp-json\/wp\/v2\/types\/page"}],"author":[{"embeddable":true,"href":"https:\/\/nepasimauk.lt\/et\/wp-json\/wp\/v2\/users\/1"}],"replies":[{"embeddable":true,"href":"https:\/\/nepasimauk.lt\/et\/wp-json\/wp\/v2\/comments?post=1012"}],"version-history":[{"count":8,"href":"https:\/\/nepasimauk.lt\/et\/wp-json\/wp\/v2\/pages\/1012\/revisions"}],"predecessor-version":[{"id":1506,"href":"https:\/\/nepasimauk.lt\/et\/wp-json\/wp\/v2\/pages\/1012\/revisions\/1506"}],"wp:attachment":[{"href":"https:\/\/nepasimauk.lt\/et\/wp-json\/wp\/v2\/media?parent=1012"}],"curies":[{"name":"wp","href":"https:\/\/api.w.org\/{rel}","templated":true}]}}