{"id":481,"date":"2024-01-29T18:10:25","date_gmt":"2024-01-29T18:10:25","guid":{"rendered":"https:\/\/nepasimauk.lt\/?page_id=481"},"modified":"2024-11-26T09:05:30","modified_gmt":"2024-11-26T09:05:30","slug":"projekti-kohta","status":"publish","type":"page","link":"https:\/\/nepasimauk.lt\/et\/projekti-kohta","title":{"rendered":"Projekti kohta"},"content":{"rendered":"<div class=\"wpb-content-wrapper\"><p>[vc_row row_height_percent=&#8221;0&#8243; back_image=&#8221;96&#8243; overlay_alpha=&#8221;50&#8243; gutter_size=&#8221;3&#8243; column_width_percent=&#8221;100&#8243; shift_y=&#8221;0&#8243; z_index=&#8221;0&#8243; uncode_shortcode_id=&#8221;136699&#8243;][vc_column width=&#8221;1\/1&#8243;][vc_row_inner][vc_column_inner width=&#8221;1\/2&#8243;][vc_custom_heading auto_text=&#8221;yes&#8221; text_color=&#8221;color-xsdn&#8221; text_size=&#8221;h1&#8243; uncode_shortcode_id=&#8221;616959&#8243; text_color_type=&#8221;uncode-palette&#8221;]This is a custom heading element.[\/vc_custom_heading][\/vc_column_inner][vc_column_inner width=&#8221;1\/2&#8243;][\/vc_column_inner][\/vc_row_inner][\/vc_column][\/vc_row][vc_row][vc_column width=&#8221;1\/1&#8243;][vc_custom_heading heading_semantic=&#8221;h5&#8243; uncode_shortcode_id=&#8221;263854&#8243;]Valeinfo.ee on kodanikualgatuse Civic Resilience Initiative (CRI) ning Riigikaitse ja julgeoleku teadmiskeskuse (kaitsen.ee) projekt, mille eesm\u00e4rk on tugevdada meediap\u00e4devust ja valeinformatsiooniga v\u00f5itlemise v\u00f5imekust Balti riikides.[\/vc_custom_heading][vc_column_text uncode_shortcode_id=&#8221;101659&#8243;]<strong>1. Arvutim\u00e4ng &#8220;Valeinfo Jaht&#8221;<\/strong><br \/>\nCRI ja Three Cubes&#8217;i poolt v\u00e4lja t\u00f6\u00f6tatud tasuta m\u00e4ng, mis p\u00f5hineb uuenduslikul ja kaasahaaraval \u00f5ppimismeetodil, et aidata koolinoortel arendada kriitilist m\u00f5tlemist ja tugevdada vastupanu valeinfo vastu.<\/p>\n<p><strong>2. Balti valeinformatsiooni seireplatvorm.<\/strong><br \/>\nSelle eesm\u00e4rgiks on s\u00fcstemaatiliselt v\u00f5idelda sotsiaalv\u00f5rgustike, meedia ja muude kommunikatsioonikanalite pahatahtliku \u00e4rakasutamise vastu valeandmete levitamiseks L\u00e4\u00e4nemere piirkonnas, anal\u00fc\u00fcsides suurima levikuga kampaaniaid. Valeinfo levikut j\u00e4lgitakse Leedus, L\u00e4tis ja Eestis, kus peamine fookus lasub venemeelsetel kanalitel.<\/p>\n<p><strong>3. Valeinfo tuvastamise juhend.<\/strong><br \/>\nKogumik praktilisi n\u00e4pun\u00e4iteid ja vahendeid valeinfo tuvastamiseks, mis toetub avatud teabeallikatele. See v\u00e4ljaanne aitab mitte ainult tuvastada valeinfot, vaid ka takistada selle levikut.[\/vc_column_text][vc_column_text text_lead=&#8221;small&#8221; uncode_shortcode_id=&#8221;212887&#8243;]Valeinfo.ee on v\u00e4lja t\u00f6\u00f6tatud Google&#8217;i toel[\/vc_column_text][\/vc_column][\/vc_row]<\/p>\n<\/div>","protected":false},"excerpt":{"rendered":"<p>[vc_row row_height_percent=&#8221;0&#8243; back_image=&#8221;96&#8243; overlay_alpha=&#8221;50&#8243; gutter_size=&#8221;3&#8243; column_width_percent=&#8221;100&#8243; shift_y=&#8221;0&#8243; z_index=&#8221;0&#8243; uncode_shortcode_id=&#8221;136699&#8243;][vc_column width=&#8221;1\/1&#8243;][vc_row_inner][vc_column_inner width=&#8221;1\/2&#8243;][vc_custom_heading auto_text=&#8221;yes&#8221; text_color=&#8221;color-xsdn&#8221; text_size=&#8221;h1&#8243; uncode_shortcode_id=&#8221;616959&#8243; text_color_type=&#8221;uncode-palette&#8221;]This is a custom heading [&hellip;]<\/p>\n","protected":false},"author":1,"featured_media":69,"parent":0,"menu_order":0,"comment_status":"closed","ping_status":"closed","template":"","meta":{"footnotes":""},"yoast_head":"<!-- This site is optimized with the Yoast SEO plugin v22.1 - https:\/\/yoast.com\/wordpress\/plugins\/seo\/ -->\n<title>Projekti kohta - Nepasimauk.lt<\/title>\n<meta name=\"robots\" content=\"index, follow, max-snippet:-1, max-image-preview:large, max-video-preview:-1\" \/>\n<link rel=\"canonical\" href=\"https:\/\/nepasimauk.lt\/et\/projekti-kohta\" \/>\n<meta property=\"og:locale\" content=\"et_EE\" \/>\n<meta property=\"og:type\" content=\"article\" \/>\n<meta property=\"og:title\" content=\"Projekti kohta - Nepasimauk.lt\" \/>\n<meta property=\"og:description\" content=\"[vc_row row_height_percent=&#8221;0&#8243; back_image=&#8221;96&#8243; overlay_alpha=&#8221;50&#8243; gutter_size=&#8221;3&#8243; column_width_percent=&#8221;100&#8243; shift_y=&#8221;0&#8243; z_index=&#8221;0&#8243; uncode_shortcode_id=&#8221;136699&#8243;][vc_column width=&#8221;1\/1&#8243;][vc_row_inner][vc_column_inner width=&#8221;1\/2&#8243;][vc_custom_heading auto_text=&#8221;yes&#8221; text_color=&#8221;color-xsdn&#8221; text_size=&#8221;h1&#8243; uncode_shortcode_id=&#8221;616959&#8243; text_color_type=&#8221;uncode-palette&#8221;]This is a custom heading [&hellip;]\" \/>\n<meta property=\"og:url\" content=\"https:\/\/nepasimauk.lt\/et\/projekti-kohta\" \/>\n<meta property=\"og:site_name\" content=\"Nepasimauk.lt\" \/>\n<meta property=\"article:modified_time\" content=\"2024-11-26T09:05:30+00:00\" \/>\n<meta property=\"og:image\" content=\"https:\/\/nepasimauk.lt\/wp-content\/uploads\/2024\/01\/bg1.jpg\" \/>\n\t<meta property=\"og:image:width\" content=\"1440\" \/>\n\t<meta property=\"og:image:height\" content=\"917\" \/>\n\t<meta property=\"og:image:type\" content=\"image\/jpeg\" \/>\n<meta name=\"twitter:card\" content=\"summary_large_image\" \/>\n<meta name=\"twitter:label1\" content=\"Est. reading time\" \/>\n\t<meta name=\"twitter:data1\" content=\"2 minutit\" \/>\n<script type=\"application\/ld+json\" class=\"yoast-schema-graph\">{\"@context\":\"https:\/\/schema.org\",\"@graph\":[{\"@type\":\"WebPage\",\"@id\":\"https:\/\/nepasimauk.lt\/et\/projekti-kohta\",\"url\":\"https:\/\/nepasimauk.lt\/et\/projekti-kohta\",\"name\":\"Projekti kohta - Nepasimauk.lt\",\"isPartOf\":{\"@id\":\"https:\/\/nepasimauk.lt\/#website\"},\"datePublished\":\"2024-01-29T18:10:25+00:00\",\"dateModified\":\"2024-11-26T09:05:30+00:00\",\"breadcrumb\":{\"@id\":\"https:\/\/nepasimauk.lt\/et\/projekti-kohta#breadcrumb\"},\"inLanguage\":\"et\",\"potentialAction\":[{\"@type\":\"ReadAction\",\"target\":[\"https:\/\/nepasimauk.lt\/et\/projekti-kohta\"]}]},{\"@type\":\"BreadcrumbList\",\"@id\":\"https:\/\/nepasimauk.lt\/et\/projekti-kohta#breadcrumb\",\"itemListElement\":[{\"@type\":\"ListItem\",\"position\":1,\"name\":\"Home\",\"item\":\"https:\/\/nepasimauk.lt\/et\"},{\"@type\":\"ListItem\",\"position\":2,\"name\":\"Projekti kohta\"}]},{\"@type\":\"WebSite\",\"@id\":\"https:\/\/nepasimauk.lt\/#website\",\"url\":\"https:\/\/nepasimauk.lt\/\",\"name\":\"Nepasimauk.lt\",\"description\":\"Dezinformacijos atpa\u017einimo priemoni\u0173 rinkinys\",\"publisher\":{\"@id\":\"https:\/\/nepasimauk.lt\/#organization\"},\"potentialAction\":[{\"@type\":\"SearchAction\",\"target\":{\"@type\":\"EntryPoint\",\"urlTemplate\":\"https:\/\/nepasimauk.lt\/?s={search_term_string}\"},\"query-input\":\"required name=search_term_string\"}],\"inLanguage\":\"et\"},{\"@type\":\"Organization\",\"@id\":\"https:\/\/nepasimauk.lt\/#organization\",\"name\":\"Nepasimauk.lt\",\"url\":\"https:\/\/nepasimauk.lt\/\",\"logo\":{\"@type\":\"ImageObject\",\"inLanguage\":\"et\",\"@id\":\"https:\/\/nepasimauk.lt\/#\/schema\/logo\/image\/\",\"url\":\"https:\/\/nepasimauk.lt\/wp-content\/uploads\/2024\/01\/nepasimauk_logo.svg\",\"contentUrl\":\"https:\/\/nepasimauk.lt\/wp-content\/uploads\/2024\/01\/nepasimauk_logo.svg\",\"width\":\"1\",\"height\":\"1\",\"caption\":\"Nepasimauk.lt\"},\"image\":{\"@id\":\"https:\/\/nepasimauk.lt\/#\/schema\/logo\/image\/\"}}]}<\/script>\n<!-- \/ Yoast SEO plugin. -->","yoast_head_json":{"title":"Projekti kohta - Nepasimauk.lt","robots":{"index":"index","follow":"follow","max-snippet":"max-snippet:-1","max-image-preview":"max-image-preview:large","max-video-preview":"max-video-preview:-1"},"canonical":"https:\/\/nepasimauk.lt\/et\/projekti-kohta","og_locale":"et_EE","og_type":"article","og_title":"Projekti kohta - Nepasimauk.lt","og_description":"[vc_row row_height_percent=&#8221;0&#8243; back_image=&#8221;96&#8243; overlay_alpha=&#8221;50&#8243; gutter_size=&#8221;3&#8243; column_width_percent=&#8221;100&#8243; shift_y=&#8221;0&#8243; z_index=&#8221;0&#8243; uncode_shortcode_id=&#8221;136699&#8243;][vc_column width=&#8221;1\/1&#8243;][vc_row_inner][vc_column_inner width=&#8221;1\/2&#8243;][vc_custom_heading auto_text=&#8221;yes&#8221; text_color=&#8221;color-xsdn&#8221; text_size=&#8221;h1&#8243; uncode_shortcode_id=&#8221;616959&#8243; text_color_type=&#8221;uncode-palette&#8221;]This is a custom heading [&hellip;]","og_url":"https:\/\/nepasimauk.lt\/et\/projekti-kohta","og_site_name":"Nepasimauk.lt","article_modified_time":"2024-11-26T09:05:30+00:00","og_image":[{"width":1440,"height":917,"url":"https:\/\/nepasimauk.lt\/wp-content\/uploads\/2024\/01\/bg1.jpg","type":"image\/jpeg"}],"twitter_card":"summary_large_image","twitter_misc":{"Est. reading time":"2 minutit"},"schema":{"@context":"https:\/\/schema.org","@graph":[{"@type":"WebPage","@id":"https:\/\/nepasimauk.lt\/et\/projekti-kohta","url":"https:\/\/nepasimauk.lt\/et\/projekti-kohta","name":"Projekti kohta - Nepasimauk.lt","isPartOf":{"@id":"https:\/\/nepasimauk.lt\/#website"},"datePublished":"2024-01-29T18:10:25+00:00","dateModified":"2024-11-26T09:05:30+00:00","breadcrumb":{"@id":"https:\/\/nepasimauk.lt\/et\/projekti-kohta#breadcrumb"},"inLanguage":"et","potentialAction":[{"@type":"ReadAction","target":["https:\/\/nepasimauk.lt\/et\/projekti-kohta"]}]},{"@type":"BreadcrumbList","@id":"https:\/\/nepasimauk.lt\/et\/projekti-kohta#breadcrumb","itemListElement":[{"@type":"ListItem","position":1,"name":"Home","item":"https:\/\/nepasimauk.lt\/et"},{"@type":"ListItem","position":2,"name":"Projekti kohta"}]},{"@type":"WebSite","@id":"https:\/\/nepasimauk.lt\/#website","url":"https:\/\/nepasimauk.lt\/","name":"Nepasimauk.lt","description":"Dezinformacijos atpa\u017einimo priemoni\u0173 rinkinys","publisher":{"@id":"https:\/\/nepasimauk.lt\/#organization"},"potentialAction":[{"@type":"SearchAction","target":{"@type":"EntryPoint","urlTemplate":"https:\/\/nepasimauk.lt\/?s={search_term_string}"},"query-input":"required name=search_term_string"}],"inLanguage":"et"},{"@type":"Organization","@id":"https:\/\/nepasimauk.lt\/#organization","name":"Nepasimauk.lt","url":"https:\/\/nepasimauk.lt\/","logo":{"@type":"ImageObject","inLanguage":"et","@id":"https:\/\/nepasimauk.lt\/#\/schema\/logo\/image\/","url":"https:\/\/nepasimauk.lt\/wp-content\/uploads\/2024\/01\/nepasimauk_logo.svg","contentUrl":"https:\/\/nepasimauk.lt\/wp-content\/uploads\/2024\/01\/nepasimauk_logo.svg","width":"1","height":"1","caption":"Nepasimauk.lt"},"image":{"@id":"https:\/\/nepasimauk.lt\/#\/schema\/logo\/image\/"}}]}},"_links":{"self":[{"href":"https:\/\/nepasimauk.lt\/et\/wp-json\/wp\/v2\/pages\/481"}],"collection":[{"href":"https:\/\/nepasimauk.lt\/et\/wp-json\/wp\/v2\/pages"}],"about":[{"href":"https:\/\/nepasimauk.lt\/et\/wp-json\/wp\/v2\/types\/page"}],"author":[{"embeddable":true,"href":"https:\/\/nepasimauk.lt\/et\/wp-json\/wp\/v2\/users\/1"}],"replies":[{"embeddable":true,"href":"https:\/\/nepasimauk.lt\/et\/wp-json\/wp\/v2\/comments?post=481"}],"version-history":[{"count":2,"href":"https:\/\/nepasimauk.lt\/et\/wp-json\/wp\/v2\/pages\/481\/revisions"}],"predecessor-version":[{"id":1297,"href":"https:\/\/nepasimauk.lt\/et\/wp-json\/wp\/v2\/pages\/481\/revisions\/1297"}],"wp:featuredmedia":[{"embeddable":true,"href":"https:\/\/nepasimauk.lt\/et\/wp-json\/wp\/v2\/media\/69"}],"wp:attachment":[{"href":"https:\/\/nepasimauk.lt\/et\/wp-json\/wp\/v2\/media?parent=481"}],"curies":[{"name":"wp","href":"https:\/\/api.w.org\/{rel}","templated":true}]}}