{"id":487,"date":"2024-02-01T17:30:00","date_gmt":"2024-02-01T17:30:00","guid":{"rendered":"https:\/\/nepasimauk.lt\/?page_id=487"},"modified":"2024-11-26T09:07:44","modified_gmt":"2024-11-26T09:07:44","slug":"alusta-virtuaalset-seiklust","status":"publish","type":"page","link":"https:\/\/nepasimauk.lt\/et\/alusta-virtuaalset-seiklust","title":{"rendered":"Alusta virtuaalset seiklust"},"content":{"rendered":"<div class=\"wpb-content-wrapper\"><p>[vc_row row_height_percent=&#8221;0&#8243; back_image=&#8221;96&#8243; overlay_alpha=&#8221;50&#8243; gutter_size=&#8221;3&#8243; column_width_percent=&#8221;100&#8243; shift_y=&#8221;0&#8243; z_index=&#8221;0&#8243; uncode_shortcode_id=&#8221;136699&#8243;][vc_column width=&#8221;1\/1&#8243;][vc_row_inner][vc_column_inner width=&#8221;1\/2&#8243;][\/vc_column_inner][vc_column_inner width=&#8221;1\/2&#8243;][\/vc_column_inner][\/vc_row_inner][\/vc_column][\/vc_row][vc_row][vc_column width=&#8221;1\/1&#8243;][vc_custom_heading heading_semantic=&#8221;h5&#8243; text_size=&#8221;h4&#8243; uncode_shortcode_id=&#8221;135073&#8243;]Juhised m\u00e4ngu alustamiseks:[\/vc_custom_heading][vc_column_text uncode_shortcode_id=&#8221;114489&#8243;]1) Kl\u00f5psa ja laadi alla m\u00e4ngu launcher.exe fail.<br \/>\n2) Ava see dokument oma arvutis<br \/>\n3) Kui on olemas uuendused, oota, et need alla laeksid.<br \/>\n4) M\u00e4ngi.<\/p>\n<p>T\u00e4helepanu! M\u00e4ng ei \u00fchildu Apple OS seadmete ja tahvelarvutitega.<br \/>\n[\/vc_column_text][vc_button button_color=&#8221;color-100192&#8243; radius=&#8221;btn-circle&#8221; border_width=&#8221;0&#8243; button_color_type=&#8221;uncode-palette&#8221; icon=&#8221;fa fa-gamepad&#8221; uncode_shortcode_id=&#8221;162436&#8243; link=&#8221;url:https%3A%2F%2Fdrive.google.com%2Ffile%2Fd%2F1T8dDcX7Kf24cGvPpRCOWScBLf_WfyB-z%2Fview|target:_blank&#8221;]M\u00c4NGU ALLALAADIMINE[\/vc_button][\/vc_column][\/vc_row][vc_row row_height_percent=&#8221;0&#8243; back_color=&#8221;color-lxmt&#8221; overlay_alpha=&#8221;50&#8243; gutter_size=&#8221;3&#8243; column_width_percent=&#8221;100&#8243; shift_y=&#8221;0&#8243; z_index=&#8221;0&#8243; uncode_shortcode_id=&#8221;513150&#8243; back_color_type=&#8221;uncode-palette&#8221; row_name=&#8221;ambasadorius&#8221;][vc_column width=&#8221;1\/1&#8243;][vc_custom_heading heading_semantic=&#8221;h5&#8243; text_size=&#8221;h4&#8243; uncode_shortcode_id=&#8221;478088&#8243;]Hakka m\u00e4ngu esindajaks[\/vc_custom_heading][vc_column_text uncode_shortcode_id=&#8221;113613&#8243;]Kutsume \u00f5petajaid ja noorsoot\u00f6\u00f6tajaid \u00fcles saama m\u00e4ngu saadikuteks, osaledes tasuta kursusel (ja saades selle l\u00e4bimise kohta ametliku tunnistuse), \u00f5ppides andma informatiivseid ja m\u00e4ngulisi tunde ja saades korraldajailt kuni 150 euro v\u00e4\u00e4rtuses boonuseid.[\/vc_column_text][vc_button button_color=&#8221;color-100192&#8243; radius=&#8221;btn-circle&#8221; border_width=&#8221;0&#8243; button_color_type=&#8221;uncode-palette&#8221; icon=&#8221;fa fa-heart&#8221; uncode_shortcode_id=&#8221;469863&#8243; link=&#8221;url:https%3A%2F%2Fforms.gle%2FuJJmja4htGg8fuaP8|target:_blank&#8221;]HAKKA ESINDAJAKS[\/vc_button][\/vc_column][\/vc_row][vc_row][vc_column width=&#8221;1\/1&#8243;][vc_custom_heading heading_semantic=&#8221;h5&#8243; text_size=&#8221;h4&#8243; uncode_shortcode_id=&#8221;107926&#8243;]Arengu hindamine[\/vc_custom_heading][vc_column_text uncode_shortcode_id=&#8221;376178&#8243;]Iga m\u00e4ngija progressi m\u00e4ngus ei m\u00f5\u00f5deta traditsioonilise \u00f5igete v\u00f5i valede vastuste prisma kaudu, vaid pigem tema v\u00f5ime j\u00e4rgi anal\u00fc\u00fcsida ja t\u00f5lgendada teavet kahtlase v\u00f5i pahatahtliku k\u00e4itumise kohta internetis. See t\u00e4hendab, et m\u00e4ng simuleerib reaalse olukordi, kus ei ole alati selge, kas valitud tee on \u00f5ige v\u00f5i vale. M\u00e4ngu \u00fcks peamisi eesm\u00e4rke on julgustada m\u00e4ngijaid tuvastama ja kriitiliselt hindama kahtlast k\u00e4itumist internetis, selle asemel, et lihtsalt kiirustada \u00fclesannetega, et koguda v\u00f5imalikult palju punkte. M\u00e4ngus on lubatud teha vigu, et julgustada m\u00e4ngijaid oma otsustest \u00f5ppima ja m\u00f5istma, et tegelikus elus ei ole sageli selgeid olukordi. See lisab m\u00e4ngule p\u00e4riselus rakendatava v\u00e4\u00e4rtuse ning aitab m\u00e4ngijatel m\u00f5ista, kui oluline on teabe hoolikas ja kriitiline hindamine. M\u00e4ngijate tulemuste anal\u00fc\u00fcsimine on m\u00e4ngus oluliseks elemendiks, sest see on m\u00e4ngus sisalduva debati ettevalmistuse aluseks. Selle etapi jooksul saab iga m\u00e4ngija teistelt m\u00e4ngijatelt tagasisidet, mis aitab neil parandada oma oskusi erinevate stsenaariumide \u00e4ratundmisel ja nendele reageerimisel veebis.[\/vc_column_text][\/vc_column][\/vc_row]<\/p>\n<\/div>","protected":false},"excerpt":{"rendered":"<p>[vc_row row_height_percent=&#8221;0&#8243; back_image=&#8221;96&#8243; overlay_alpha=&#8221;50&#8243; gutter_size=&#8221;3&#8243; column_width_percent=&#8221;100&#8243; shift_y=&#8221;0&#8243; z_index=&#8221;0&#8243; uncode_shortcode_id=&#8221;136699&#8243;][vc_column width=&#8221;1\/1&#8243;][vc_row_inner][vc_column_inner width=&#8221;1\/2&#8243;][\/vc_column_inner][vc_column_inner width=&#8221;1\/2&#8243;][\/vc_column_inner][\/vc_row_inner][\/vc_column][\/vc_row][vc_row][vc_column width=&#8221;1\/1&#8243;][vc_custom_heading heading_semantic=&#8221;h5&#8243; text_size=&#8221;h4&#8243; uncode_shortcode_id=&#8221;135073&#8243;]Juhised m\u00e4ngu alustamiseks:[\/vc_custom_heading][vc_column_text uncode_shortcode_id=&#8221;114489&#8243;]1) Kl\u00f5psa [&hellip;]<\/p>\n","protected":false},"author":1,"featured_media":874,"parent":0,"menu_order":0,"comment_status":"closed","ping_status":"closed","template":"","meta":{"footnotes":""},"yoast_head":"<!-- This site is optimized with the Yoast SEO plugin v22.1 - https:\/\/yoast.com\/wordpress\/plugins\/seo\/ -->\n<title>Alusta virtuaalset seiklust - Nepasimauk.lt<\/title>\n<meta name=\"robots\" content=\"index, follow, max-snippet:-1, max-image-preview:large, max-video-preview:-1\" \/>\n<link rel=\"canonical\" href=\"https:\/\/nepasimauk.lt\/et\/alusta-virtuaalset-seiklust\" \/>\n<meta property=\"og:locale\" content=\"et_EE\" \/>\n<meta property=\"og:type\" content=\"article\" \/>\n<meta property=\"og:title\" content=\"Alusta virtuaalset seiklust - Nepasimauk.lt\" \/>\n<meta property=\"og:description\" content=\"[vc_row row_height_percent=&#8221;0&#8243; back_image=&#8221;96&#8243; overlay_alpha=&#8221;50&#8243; gutter_size=&#8221;3&#8243; column_width_percent=&#8221;100&#8243; shift_y=&#8221;0&#8243; z_index=&#8221;0&#8243; uncode_shortcode_id=&#8221;136699&#8243;][vc_column width=&#8221;1\/1&#8243;][vc_row_inner][vc_column_inner width=&#8221;1\/2&#8243;][\/vc_column_inner][vc_column_inner width=&#8221;1\/2&#8243;][\/vc_column_inner][\/vc_row_inner][\/vc_column][\/vc_row][vc_row][vc_column width=&#8221;1\/1&#8243;][vc_custom_heading heading_semantic=&#8221;h5&#8243; text_size=&#8221;h4&#8243; uncode_shortcode_id=&#8221;135073&#8243;]Juhised m\u00e4ngu alustamiseks:[\/vc_custom_heading][vc_column_text uncode_shortcode_id=&#8221;114489&#8243;]1) Kl\u00f5psa [&hellip;]\" \/>\n<meta property=\"og:url\" content=\"https:\/\/nepasimauk.lt\/et\/alusta-virtuaalset-seiklust\" \/>\n<meta property=\"og:site_name\" content=\"Nepasimauk.lt\" \/>\n<meta property=\"article:modified_time\" content=\"2024-11-26T09:07:44+00:00\" \/>\n<meta property=\"og:image\" content=\"https:\/\/nepasimauk.lt\/wp-content\/uploads\/2024\/01\/nepasimauk.lt_.jpg\" \/>\n\t<meta property=\"og:image:width\" content=\"1440\" \/>\n\t<meta property=\"og:image:height\" content=\"917\" \/>\n\t<meta property=\"og:image:type\" content=\"image\/jpeg\" \/>\n<meta name=\"twitter:card\" content=\"summary_large_image\" \/>\n<meta name=\"twitter:label1\" content=\"Est. reading time\" \/>\n\t<meta name=\"twitter:data1\" content=\"2 minutit\" \/>\n<script type=\"application\/ld+json\" class=\"yoast-schema-graph\">{\"@context\":\"https:\/\/schema.org\",\"@graph\":[{\"@type\":\"WebPage\",\"@id\":\"https:\/\/nepasimauk.lt\/et\/alusta-virtuaalset-seiklust\",\"url\":\"https:\/\/nepasimauk.lt\/et\/alusta-virtuaalset-seiklust\",\"name\":\"Alusta virtuaalset seiklust - Nepasimauk.lt\",\"isPartOf\":{\"@id\":\"https:\/\/nepasimauk.lt\/#website\"},\"datePublished\":\"2024-02-01T17:30:00+00:00\",\"dateModified\":\"2024-11-26T09:07:44+00:00\",\"breadcrumb\":{\"@id\":\"https:\/\/nepasimauk.lt\/et\/alusta-virtuaalset-seiklust#breadcrumb\"},\"inLanguage\":\"et\",\"potentialAction\":[{\"@type\":\"ReadAction\",\"target\":[\"https:\/\/nepasimauk.lt\/et\/alusta-virtuaalset-seiklust\"]}]},{\"@type\":\"BreadcrumbList\",\"@id\":\"https:\/\/nepasimauk.lt\/et\/alusta-virtuaalset-seiklust#breadcrumb\",\"itemListElement\":[{\"@type\":\"ListItem\",\"position\":1,\"name\":\"Home\",\"item\":\"https:\/\/nepasimauk.lt\/et\"},{\"@type\":\"ListItem\",\"position\":2,\"name\":\"Alusta virtuaalset seiklust\"}]},{\"@type\":\"WebSite\",\"@id\":\"https:\/\/nepasimauk.lt\/#website\",\"url\":\"https:\/\/nepasimauk.lt\/\",\"name\":\"Nepasimauk.lt\",\"description\":\"Dezinformacijos atpa\u017einimo priemoni\u0173 rinkinys\",\"publisher\":{\"@id\":\"https:\/\/nepasimauk.lt\/#organization\"},\"potentialAction\":[{\"@type\":\"SearchAction\",\"target\":{\"@type\":\"EntryPoint\",\"urlTemplate\":\"https:\/\/nepasimauk.lt\/?s={search_term_string}\"},\"query-input\":\"required name=search_term_string\"}],\"inLanguage\":\"et\"},{\"@type\":\"Organization\",\"@id\":\"https:\/\/nepasimauk.lt\/#organization\",\"name\":\"Nepasimauk.lt\",\"url\":\"https:\/\/nepasimauk.lt\/\",\"logo\":{\"@type\":\"ImageObject\",\"inLanguage\":\"et\",\"@id\":\"https:\/\/nepasimauk.lt\/#\/schema\/logo\/image\/\",\"url\":\"https:\/\/nepasimauk.lt\/wp-content\/uploads\/2024\/01\/nepasimauk_logo.svg\",\"contentUrl\":\"https:\/\/nepasimauk.lt\/wp-content\/uploads\/2024\/01\/nepasimauk_logo.svg\",\"width\":\"1\",\"height\":\"1\",\"caption\":\"Nepasimauk.lt\"},\"image\":{\"@id\":\"https:\/\/nepasimauk.lt\/#\/schema\/logo\/image\/\"}}]}<\/script>\n<!-- \/ Yoast SEO plugin. -->","yoast_head_json":{"title":"Alusta virtuaalset seiklust - Nepasimauk.lt","robots":{"index":"index","follow":"follow","max-snippet":"max-snippet:-1","max-image-preview":"max-image-preview:large","max-video-preview":"max-video-preview:-1"},"canonical":"https:\/\/nepasimauk.lt\/et\/alusta-virtuaalset-seiklust","og_locale":"et_EE","og_type":"article","og_title":"Alusta virtuaalset seiklust - Nepasimauk.lt","og_description":"[vc_row row_height_percent=&#8221;0&#8243; back_image=&#8221;96&#8243; overlay_alpha=&#8221;50&#8243; gutter_size=&#8221;3&#8243; column_width_percent=&#8221;100&#8243; shift_y=&#8221;0&#8243; z_index=&#8221;0&#8243; uncode_shortcode_id=&#8221;136699&#8243;][vc_column width=&#8221;1\/1&#8243;][vc_row_inner][vc_column_inner width=&#8221;1\/2&#8243;][\/vc_column_inner][vc_column_inner width=&#8221;1\/2&#8243;][\/vc_column_inner][\/vc_row_inner][\/vc_column][\/vc_row][vc_row][vc_column width=&#8221;1\/1&#8243;][vc_custom_heading heading_semantic=&#8221;h5&#8243; text_size=&#8221;h4&#8243; uncode_shortcode_id=&#8221;135073&#8243;]Juhised m\u00e4ngu alustamiseks:[\/vc_custom_heading][vc_column_text uncode_shortcode_id=&#8221;114489&#8243;]1) Kl\u00f5psa [&hellip;]","og_url":"https:\/\/nepasimauk.lt\/et\/alusta-virtuaalset-seiklust","og_site_name":"Nepasimauk.lt","article_modified_time":"2024-11-26T09:07:44+00:00","og_image":[{"width":1440,"height":917,"url":"https:\/\/nepasimauk.lt\/wp-content\/uploads\/2024\/01\/nepasimauk.lt_.jpg","type":"image\/jpeg"}],"twitter_card":"summary_large_image","twitter_misc":{"Est. reading time":"2 minutit"},"schema":{"@context":"https:\/\/schema.org","@graph":[{"@type":"WebPage","@id":"https:\/\/nepasimauk.lt\/et\/alusta-virtuaalset-seiklust","url":"https:\/\/nepasimauk.lt\/et\/alusta-virtuaalset-seiklust","name":"Alusta virtuaalset seiklust - Nepasimauk.lt","isPartOf":{"@id":"https:\/\/nepasimauk.lt\/#website"},"datePublished":"2024-02-01T17:30:00+00:00","dateModified":"2024-11-26T09:07:44+00:00","breadcrumb":{"@id":"https:\/\/nepasimauk.lt\/et\/alusta-virtuaalset-seiklust#breadcrumb"},"inLanguage":"et","potentialAction":[{"@type":"ReadAction","target":["https:\/\/nepasimauk.lt\/et\/alusta-virtuaalset-seiklust"]}]},{"@type":"BreadcrumbList","@id":"https:\/\/nepasimauk.lt\/et\/alusta-virtuaalset-seiklust#breadcrumb","itemListElement":[{"@type":"ListItem","position":1,"name":"Home","item":"https:\/\/nepasimauk.lt\/et"},{"@type":"ListItem","position":2,"name":"Alusta virtuaalset seiklust"}]},{"@type":"WebSite","@id":"https:\/\/nepasimauk.lt\/#website","url":"https:\/\/nepasimauk.lt\/","name":"Nepasimauk.lt","description":"Dezinformacijos atpa\u017einimo priemoni\u0173 rinkinys","publisher":{"@id":"https:\/\/nepasimauk.lt\/#organization"},"potentialAction":[{"@type":"SearchAction","target":{"@type":"EntryPoint","urlTemplate":"https:\/\/nepasimauk.lt\/?s={search_term_string}"},"query-input":"required name=search_term_string"}],"inLanguage":"et"},{"@type":"Organization","@id":"https:\/\/nepasimauk.lt\/#organization","name":"Nepasimauk.lt","url":"https:\/\/nepasimauk.lt\/","logo":{"@type":"ImageObject","inLanguage":"et","@id":"https:\/\/nepasimauk.lt\/#\/schema\/logo\/image\/","url":"https:\/\/nepasimauk.lt\/wp-content\/uploads\/2024\/01\/nepasimauk_logo.svg","contentUrl":"https:\/\/nepasimauk.lt\/wp-content\/uploads\/2024\/01\/nepasimauk_logo.svg","width":"1","height":"1","caption":"Nepasimauk.lt"},"image":{"@id":"https:\/\/nepasimauk.lt\/#\/schema\/logo\/image\/"}}]}},"_links":{"self":[{"href":"https:\/\/nepasimauk.lt\/et\/wp-json\/wp\/v2\/pages\/487"}],"collection":[{"href":"https:\/\/nepasimauk.lt\/et\/wp-json\/wp\/v2\/pages"}],"about":[{"href":"https:\/\/nepasimauk.lt\/et\/wp-json\/wp\/v2\/types\/page"}],"author":[{"embeddable":true,"href":"https:\/\/nepasimauk.lt\/et\/wp-json\/wp\/v2\/users\/1"}],"replies":[{"embeddable":true,"href":"https:\/\/nepasimauk.lt\/et\/wp-json\/wp\/v2\/comments?post=487"}],"version-history":[{"count":2,"href":"https:\/\/nepasimauk.lt\/et\/wp-json\/wp\/v2\/pages\/487\/revisions"}],"predecessor-version":[{"id":1298,"href":"https:\/\/nepasimauk.lt\/et\/wp-json\/wp\/v2\/pages\/487\/revisions\/1298"}],"wp:featuredmedia":[{"embeddable":true,"href":"https:\/\/nepasimauk.lt\/et\/wp-json\/wp\/v2\/media\/874"}],"wp:attachment":[{"href":"https:\/\/nepasimauk.lt\/et\/wp-json\/wp\/v2\/media?parent=487"}],"curies":[{"name":"wp","href":"https:\/\/api.w.org\/{rel}","templated":true}]}}