{"id":494,"date":"2024-01-23T19:35:35","date_gmt":"2024-01-23T19:35:35","guid":{"rendered":"https:\/\/nepasimauk.lt\/?page_id=494"},"modified":"2024-10-22T10:21:22","modified_gmt":"2024-10-22T10:21:22","slug":"vastupidavuse-juhend","status":"publish","type":"page","link":"https:\/\/nepasimauk.lt\/et\/vastupidavuse-juhend","title":{"rendered":"Vastupidavuse juhend"},"content":{"rendered":"<div class=\"wpb-content-wrapper\"><p>[vc_row row_height_percent=&#8221;0&#8243; back_image=&#8221;96&#8243; overlay_alpha=&#8221;50&#8243; gutter_size=&#8221;3&#8243; column_width_percent=&#8221;100&#8243; shift_y=&#8221;0&#8243; z_index=&#8221;0&#8243; uncode_shortcode_id=&#8221;136699&#8243;][vc_column width=&#8221;1\/1&#8243;][vc_row_inner][vc_column_inner width=&#8221;1\/2&#8243;][\/vc_column_inner][vc_column_inner width=&#8221;1\/2&#8243;][\/vc_column_inner][\/vc_row_inner][\/vc_column][\/vc_row][vc_row][vc_column width=&#8221;1\/1&#8243;][vc_custom_heading heading_semantic=&#8221;h5&#8243; text_size=&#8221;h4&#8243; uncode_shortcode_id=&#8221;118255&#8243;]Kuigi praegune meediamaastik pakub mitmeid v\u00f5imalusi igap\u00e4evaste uudiste k\u00e4ttesaamiseks, on j\u00f5upingutused reaalsuse moonutamiseks endiselt sama agressiivsed kui kunagi varem. Hoolimata sellest, et sotsiaalmeedia kasutamine on mugav, et koguda arvamusi olulistes k\u00fcsimustes, ei pruugi see olla k\u00f5ige usaldusv\u00e4\u00e4rsem ja objektiivsem teabeallikas.[\/vc_custom_heading][vc_custom_heading heading_semantic=&#8221;h5&#8243; text_size=&#8221;h4&#8243; uncode_shortcode_id=&#8221;692637&#8243;]Desinformatsiooni t\u00f6\u00f6riistakomplekt pakub kasutajas\u00f5bralikku, samm-sammulist juhendit uudiste allikate autentsuse kontrollimiseks. See meediaekspertide jagatud t\u00f6\u00f6riistakomplekt aitab kiiresti arendada harjumust kontrollida piltide, videote ja uudislugude ehtsust.[\/vc_custom_heading][vc_button button_color=&#8221;color-100192&#8243; radius=&#8221;btn-circle&#8221; border_width=&#8221;0&#8243; button_color_type=&#8221;uncode-palette&#8221; icon=&#8221;fa fa-download3&#8243; uncode_shortcode_id=&#8221;217057&#8243; link=&#8221;url:https%3A%2F%2Fnepasimauk.lt%2Fwp-content%2Fuploads%2F2024%2F10%2FdigitalEE-Dezinformacijos-TOOLKIT.pdf|target:_blank&#8221;]Vastupidavuse juhendi allalaadimine[\/vc_button][\/vc_column][\/vc_row]<\/p>\n<\/div>","protected":false},"excerpt":{"rendered":"<p>[vc_row row_height_percent=&#8221;0&#8243; back_image=&#8221;96&#8243; overlay_alpha=&#8221;50&#8243; gutter_size=&#8221;3&#8243; column_width_percent=&#8221;100&#8243; shift_y=&#8221;0&#8243; z_index=&#8221;0&#8243; uncode_shortcode_id=&#8221;136699&#8243;][vc_column width=&#8221;1\/1&#8243;][vc_row_inner][vc_column_inner width=&#8221;1\/2&#8243;][\/vc_column_inner][vc_column_inner width=&#8221;1\/2&#8243;][\/vc_column_inner][\/vc_row_inner][\/vc_column][\/vc_row][vc_row][vc_column width=&#8221;1\/1&#8243;][vc_custom_heading heading_semantic=&#8221;h5&#8243; text_size=&#8221;h4&#8243; uncode_shortcode_id=&#8221;118255&#8243;]Kuigi praegune meediamaastik pakub mitmeid [&hellip;]<\/p>\n","protected":false},"author":1,"featured_media":252,"parent":0,"menu_order":0,"comment_status":"closed","ping_status":"closed","template":"","meta":{"footnotes":""},"yoast_head":"<!-- This site is optimized with the Yoast SEO plugin v22.1 - https:\/\/yoast.com\/wordpress\/plugins\/seo\/ -->\n<title>Vastupidavuse juhend - Nepasimauk.lt<\/title>\n<meta name=\"robots\" content=\"index, follow, max-snippet:-1, max-image-preview:large, max-video-preview:-1\" \/>\n<link rel=\"canonical\" href=\"https:\/\/nepasimauk.lt\/et\/vastupidavuse-juhend\" \/>\n<meta property=\"og:locale\" content=\"et_EE\" \/>\n<meta property=\"og:type\" content=\"article\" \/>\n<meta property=\"og:title\" content=\"Vastupidavuse juhend - Nepasimauk.lt\" \/>\n<meta property=\"og:description\" content=\"[vc_row row_height_percent=&#8221;0&#8243; back_image=&#8221;96&#8243; overlay_alpha=&#8221;50&#8243; gutter_size=&#8221;3&#8243; column_width_percent=&#8221;100&#8243; shift_y=&#8221;0&#8243; z_index=&#8221;0&#8243; uncode_shortcode_id=&#8221;136699&#8243;][vc_column width=&#8221;1\/1&#8243;][vc_row_inner][vc_column_inner width=&#8221;1\/2&#8243;][\/vc_column_inner][vc_column_inner width=&#8221;1\/2&#8243;][\/vc_column_inner][\/vc_row_inner][\/vc_column][\/vc_row][vc_row][vc_column width=&#8221;1\/1&#8243;][vc_custom_heading heading_semantic=&#8221;h5&#8243; text_size=&#8221;h4&#8243; uncode_shortcode_id=&#8221;118255&#8243;]Kuigi praegune meediamaastik pakub mitmeid [&hellip;]\" \/>\n<meta property=\"og:url\" content=\"https:\/\/nepasimauk.lt\/et\/vastupidavuse-juhend\" \/>\n<meta property=\"og:site_name\" content=\"Nepasimauk.lt\" \/>\n<meta property=\"article:modified_time\" content=\"2024-10-22T10:21:22+00:00\" \/>\n<meta property=\"og:image\" content=\"https:\/\/nepasimauk.lt\/wp-content\/uploads\/2024\/01\/disinformation_tool_kit_bg.png\" \/>\n\t<meta property=\"og:image:width\" content=\"1440\" \/>\n\t<meta property=\"og:image:height\" content=\"917\" \/>\n\t<meta property=\"og:image:type\" content=\"image\/png\" \/>\n<meta name=\"twitter:card\" content=\"summary_large_image\" \/>\n<meta name=\"twitter:label1\" content=\"Est. reading time\" \/>\n\t<meta name=\"twitter:data1\" content=\"1 minut\" \/>\n<script type=\"application\/ld+json\" class=\"yoast-schema-graph\">{\"@context\":\"https:\/\/schema.org\",\"@graph\":[{\"@type\":\"WebPage\",\"@id\":\"https:\/\/nepasimauk.lt\/et\/vastupidavuse-juhend\",\"url\":\"https:\/\/nepasimauk.lt\/et\/vastupidavuse-juhend\",\"name\":\"Vastupidavuse juhend - Nepasimauk.lt\",\"isPartOf\":{\"@id\":\"https:\/\/nepasimauk.lt\/#website\"},\"datePublished\":\"2024-01-23T19:35:35+00:00\",\"dateModified\":\"2024-10-22T10:21:22+00:00\",\"breadcrumb\":{\"@id\":\"https:\/\/nepasimauk.lt\/et\/vastupidavuse-juhend#breadcrumb\"},\"inLanguage\":\"et\",\"potentialAction\":[{\"@type\":\"ReadAction\",\"target\":[\"https:\/\/nepasimauk.lt\/et\/vastupidavuse-juhend\"]}]},{\"@type\":\"BreadcrumbList\",\"@id\":\"https:\/\/nepasimauk.lt\/et\/vastupidavuse-juhend#breadcrumb\",\"itemListElement\":[{\"@type\":\"ListItem\",\"position\":1,\"name\":\"Home\",\"item\":\"https:\/\/nepasimauk.lt\/et\"},{\"@type\":\"ListItem\",\"position\":2,\"name\":\"Vastupidavuse juhend\"}]},{\"@type\":\"WebSite\",\"@id\":\"https:\/\/nepasimauk.lt\/#website\",\"url\":\"https:\/\/nepasimauk.lt\/\",\"name\":\"Nepasimauk.lt\",\"description\":\"Dezinformacijos atpa\u017einimo priemoni\u0173 rinkinys\",\"publisher\":{\"@id\":\"https:\/\/nepasimauk.lt\/#organization\"},\"potentialAction\":[{\"@type\":\"SearchAction\",\"target\":{\"@type\":\"EntryPoint\",\"urlTemplate\":\"https:\/\/nepasimauk.lt\/?s={search_term_string}\"},\"query-input\":\"required name=search_term_string\"}],\"inLanguage\":\"et\"},{\"@type\":\"Organization\",\"@id\":\"https:\/\/nepasimauk.lt\/#organization\",\"name\":\"Nepasimauk.lt\",\"url\":\"https:\/\/nepasimauk.lt\/\",\"logo\":{\"@type\":\"ImageObject\",\"inLanguage\":\"et\",\"@id\":\"https:\/\/nepasimauk.lt\/#\/schema\/logo\/image\/\",\"url\":\"https:\/\/nepasimauk.lt\/wp-content\/uploads\/2024\/01\/nepasimauk_logo.svg\",\"contentUrl\":\"https:\/\/nepasimauk.lt\/wp-content\/uploads\/2024\/01\/nepasimauk_logo.svg\",\"width\":\"1\",\"height\":\"1\",\"caption\":\"Nepasimauk.lt\"},\"image\":{\"@id\":\"https:\/\/nepasimauk.lt\/#\/schema\/logo\/image\/\"}}]}<\/script>\n<!-- \/ Yoast SEO plugin. -->","yoast_head_json":{"title":"Vastupidavuse juhend - Nepasimauk.lt","robots":{"index":"index","follow":"follow","max-snippet":"max-snippet:-1","max-image-preview":"max-image-preview:large","max-video-preview":"max-video-preview:-1"},"canonical":"https:\/\/nepasimauk.lt\/et\/vastupidavuse-juhend","og_locale":"et_EE","og_type":"article","og_title":"Vastupidavuse juhend - Nepasimauk.lt","og_description":"[vc_row row_height_percent=&#8221;0&#8243; back_image=&#8221;96&#8243; overlay_alpha=&#8221;50&#8243; gutter_size=&#8221;3&#8243; column_width_percent=&#8221;100&#8243; shift_y=&#8221;0&#8243; z_index=&#8221;0&#8243; uncode_shortcode_id=&#8221;136699&#8243;][vc_column width=&#8221;1\/1&#8243;][vc_row_inner][vc_column_inner width=&#8221;1\/2&#8243;][\/vc_column_inner][vc_column_inner width=&#8221;1\/2&#8243;][\/vc_column_inner][\/vc_row_inner][\/vc_column][\/vc_row][vc_row][vc_column width=&#8221;1\/1&#8243;][vc_custom_heading heading_semantic=&#8221;h5&#8243; text_size=&#8221;h4&#8243; uncode_shortcode_id=&#8221;118255&#8243;]Kuigi praegune meediamaastik pakub mitmeid [&hellip;]","og_url":"https:\/\/nepasimauk.lt\/et\/vastupidavuse-juhend","og_site_name":"Nepasimauk.lt","article_modified_time":"2024-10-22T10:21:22+00:00","og_image":[{"width":1440,"height":917,"url":"https:\/\/nepasimauk.lt\/wp-content\/uploads\/2024\/01\/disinformation_tool_kit_bg.png","type":"image\/png"}],"twitter_card":"summary_large_image","twitter_misc":{"Est. reading time":"1 minut"},"schema":{"@context":"https:\/\/schema.org","@graph":[{"@type":"WebPage","@id":"https:\/\/nepasimauk.lt\/et\/vastupidavuse-juhend","url":"https:\/\/nepasimauk.lt\/et\/vastupidavuse-juhend","name":"Vastupidavuse juhend - Nepasimauk.lt","isPartOf":{"@id":"https:\/\/nepasimauk.lt\/#website"},"datePublished":"2024-01-23T19:35:35+00:00","dateModified":"2024-10-22T10:21:22+00:00","breadcrumb":{"@id":"https:\/\/nepasimauk.lt\/et\/vastupidavuse-juhend#breadcrumb"},"inLanguage":"et","potentialAction":[{"@type":"ReadAction","target":["https:\/\/nepasimauk.lt\/et\/vastupidavuse-juhend"]}]},{"@type":"BreadcrumbList","@id":"https:\/\/nepasimauk.lt\/et\/vastupidavuse-juhend#breadcrumb","itemListElement":[{"@type":"ListItem","position":1,"name":"Home","item":"https:\/\/nepasimauk.lt\/et"},{"@type":"ListItem","position":2,"name":"Vastupidavuse juhend"}]},{"@type":"WebSite","@id":"https:\/\/nepasimauk.lt\/#website","url":"https:\/\/nepasimauk.lt\/","name":"Nepasimauk.lt","description":"Dezinformacijos atpa\u017einimo priemoni\u0173 rinkinys","publisher":{"@id":"https:\/\/nepasimauk.lt\/#organization"},"potentialAction":[{"@type":"SearchAction","target":{"@type":"EntryPoint","urlTemplate":"https:\/\/nepasimauk.lt\/?s={search_term_string}"},"query-input":"required name=search_term_string"}],"inLanguage":"et"},{"@type":"Organization","@id":"https:\/\/nepasimauk.lt\/#organization","name":"Nepasimauk.lt","url":"https:\/\/nepasimauk.lt\/","logo":{"@type":"ImageObject","inLanguage":"et","@id":"https:\/\/nepasimauk.lt\/#\/schema\/logo\/image\/","url":"https:\/\/nepasimauk.lt\/wp-content\/uploads\/2024\/01\/nepasimauk_logo.svg","contentUrl":"https:\/\/nepasimauk.lt\/wp-content\/uploads\/2024\/01\/nepasimauk_logo.svg","width":"1","height":"1","caption":"Nepasimauk.lt"},"image":{"@id":"https:\/\/nepasimauk.lt\/#\/schema\/logo\/image\/"}}]}},"_links":{"self":[{"href":"https:\/\/nepasimauk.lt\/et\/wp-json\/wp\/v2\/pages\/494"}],"collection":[{"href":"https:\/\/nepasimauk.lt\/et\/wp-json\/wp\/v2\/pages"}],"about":[{"href":"https:\/\/nepasimauk.lt\/et\/wp-json\/wp\/v2\/types\/page"}],"author":[{"embeddable":true,"href":"https:\/\/nepasimauk.lt\/et\/wp-json\/wp\/v2\/users\/1"}],"replies":[{"embeddable":true,"href":"https:\/\/nepasimauk.lt\/et\/wp-json\/wp\/v2\/comments?post=494"}],"version-history":[{"count":2,"href":"https:\/\/nepasimauk.lt\/et\/wp-json\/wp\/v2\/pages\/494\/revisions"}],"predecessor-version":[{"id":1141,"href":"https:\/\/nepasimauk.lt\/et\/wp-json\/wp\/v2\/pages\/494\/revisions\/1141"}],"wp:featuredmedia":[{"embeddable":true,"href":"https:\/\/nepasimauk.lt\/et\/wp-json\/wp\/v2\/media\/252"}],"wp:attachment":[{"href":"https:\/\/nepasimauk.lt\/et\/wp-json\/wp\/v2\/media?parent=494"}],"curies":[{"name":"wp","href":"https:\/\/api.w.org\/{rel}","templated":true}]}}