{"id":868,"date":"2024-01-23T17:42:28","date_gmt":"2024-01-23T17:42:28","guid":{"rendered":"https:\/\/nepasimauk.lt\/?page_id=868"},"modified":"2024-11-29T13:22:51","modified_gmt":"2024-11-29T13:22:51","slug":"alusta-virtuaalset-seiklust-2","status":"publish","type":"page","link":"https:\/\/nepasimauk.lt\/et","title":{"rendered":"Alusta virtuaalset seiklust"},"content":{"rendered":"<div class=\"wpb-content-wrapper\"><p>[vc_row row_height_percent=&#8221;0&#8243; override_padding=&#8221;yes&#8221; h_padding=&#8221;2&#8243; top_padding=&#8221;2&#8243; bottom_padding=&#8221;0&#8243; back_color=&#8221;color-648305&#8243; back_image=&#8221;69&#8243; overlay_alpha=&#8221;50&#8243; gutter_size=&#8221;3&#8243; column_width_percent=&#8221;100&#8243; shift_y=&#8221;0&#8243; z_index=&#8221;0&#8243; uncode_shortcode_id=&#8221;770414&#8243; back_color_type=&#8221;uncode-palette&#8221;][vc_column column_width_percent=&#8221;100&#8243; position_vertical=&#8221;bottom&#8221; gutter_size=&#8221;3&#8243; override_padding=&#8221;yes&#8221; column_padding=&#8221;0&#8243; overlay_alpha=&#8221;50&#8243; shift_x=&#8221;0&#8243; shift_y=&#8221;0&#8243; shift_y_down=&#8221;0&#8243; z_index=&#8221;0&#8243; medium_width=&#8221;0&#8243; mobile_width=&#8221;0&#8243; width=&#8221;1\/1&#8243; uncode_shortcode_id=&#8221;253050&#8243;][vc_row_inner][vc_column_inner width=&#8221;1\/2&#8243;][vc_empty_space empty_h=&#8221;2&#8243;][vc_single_image media=&#8221;902&#8243; media_width_percent=&#8221;100&#8243; uncode_shortcode_id=&#8221;204709&#8243;][vc_column_text text_color=&#8221;color-100192&#8243; uncode_shortcode_id=&#8221;550639&#8243; text_color_type=&#8221;uncode-palette&#8221;]Valeinfo Jaht on interaktiivne arvutim\u00e4ng, mis on loodud harjutustega, mis julgustavad kasutajaid parandama oma kriitilise m\u00f5tlemise oskusi. M\u00e4ngijad \u00f5pivad avatud andmeid kasutades kontrollima teavet, millega nad kokku puutuvad. Seda m\u00e4ngu saab kasutada t\u00e4iendavate teadmiste omandamiseks v\u00f5i integreerida koolidesse, et arendada \u00f5ppekavasid nagu kodaniku- ja \u00fchiskonna\u00f5petus v\u00f5i ajalugu.[\/vc_column_text][vc_button button_color=&#8221;color-331024&#8243; radius=&#8221;btn-circle&#8221; outline=&#8221;yes&#8221; border_width=&#8221;0&#8243; button_color_type=&#8221;uncode-palette&#8221; uncode_shortcode_id=&#8221;200343&#8243; link=&#8221;url:https%3A%2F%2Fnepasimauk.lt%2Fet%2Falusta-virtuaalset-seiklust%2F%23ambasadorius|title:Virtualus%20%C5%BEaidimas&#8221;]HAKKA M\u00c4NGU ESINDAJAKS[\/vc_button][vc_button button_color=&#8221;color-331024&#8243; radius=&#8221;btn-circle&#8221; border_width=&#8221;0&#8243; button_color_type=&#8221;uncode-palette&#8221; icon=&#8221;fa fa-gamepad&#8221; uncode_shortcode_id=&#8221;189722&#8243; link=&#8221;url:https%3A%2F%2Fnepasimauk.lt%2Fet%2Fdesinformatsiooni-mang|title:Virtualus%20%C5%BEaidimas&#8221;]M\u00c4NG[\/vc_button][vc_empty_space empty_h=&#8221;2&#8243;][\/vc_column_inner][vc_column_inner width=&#8221;1\/2&#8243;][\/vc_column_inner][\/vc_row_inner][vc_row_inner row_inner_height_percent=&#8221;0&#8243; overlay_alpha=&#8221;50&#8243; gutter_size=&#8221;3&#8243; shift_y=&#8221;0&#8243; z_index=&#8221;0&#8243; medium_visibility=&#8221;yes&#8221; mobile_visibility=&#8221;yes&#8221; uncode_shortcode_id=&#8221;186351&#8243;][vc_column_inner column_width_percent=&#8221;100&#8243; gutter_size=&#8221;3&#8243; overlay_alpha=&#8221;50&#8243; shift_x=&#8221;0&#8243; shift_y=&#8221;0&#8243; shift_y_down=&#8221;0&#8243; z_index=&#8221;0&#8243; medium_width=&#8221;0&#8243; mobile_width=&#8221;0&#8243; css_animation=&#8221;bottom-t-top&#8221; width=&#8221;1\/3&#8243; uncode_shortcode_id=&#8221;211448&#8243;][vc_single_image media=&#8221;1251&#8243; media_width_percent=&#8221;100&#8243; uncode_shortcode_id=&#8221;164681&#8243;][\/vc_column_inner][vc_column_inner column_width_percent=&#8221;100&#8243; gutter_size=&#8221;3&#8243; overlay_alpha=&#8221;50&#8243; shift_x=&#8221;0&#8243; shift_y=&#8221;0&#8243; shift_y_down=&#8221;0&#8243; z_index=&#8221;0&#8243; medium_width=&#8221;0&#8243; mobile_width=&#8221;0&#8243; css_animation=&#8221;bottom-t-top&#8221; animation_delay=&#8221;200&#8243; width=&#8221;1\/3&#8243; uncode_shortcode_id=&#8221;217539&#8243;][vc_single_image media=&#8221;613&#8243; media_width_percent=&#8221;100&#8243; uncode_shortcode_id=&#8221;156986&#8243; media_link=&#8221;url:https%3A%2F%2Fnepasimauk.lt%2Fet%2Fdisinformation-monitoringu|title:Disinformation%20monitoring&#8221;][\/vc_column_inner][vc_column_inner column_width_percent=&#8221;100&#8243; gutter_size=&#8221;3&#8243; overlay_alpha=&#8221;50&#8243; shift_x=&#8221;0&#8243; shift_y=&#8221;0&#8243; shift_y_down=&#8221;0&#8243; z_index=&#8221;0&#8243; medium_width=&#8221;0&#8243; mobile_width=&#8221;0&#8243; css_animation=&#8221;bottom-t-top&#8221; animation_delay=&#8221;400&#8243; width=&#8221;1\/3&#8243; uncode_shortcode_id=&#8221;627132&#8243;][vc_single_image media=&#8221;757&#8243; media_width_percent=&#8221;100&#8243; uncode_shortcode_id=&#8221;498781&#8243; media_link=&#8221;url:https%3A%2F%2Fnepasimauk.lt%2Fet%2Fvaleinfo-tuvastamise-luhijuhend|title:Disinformation%20Tool-kit&#8221;][\/vc_column_inner][\/vc_row_inner][vc_row_inner row_inner_height_percent=&#8221;0&#8243; overlay_alpha=&#8221;50&#8243; gutter_size=&#8221;3&#8243; shift_y=&#8221;0&#8243; z_index=&#8221;0&#8243; desktop_visibility=&#8221;yes&#8221; uncode_shortcode_id=&#8221;526043&#8243;][vc_column_inner column_width_percent=&#8221;100&#8243; gutter_size=&#8221;3&#8243; overlay_alpha=&#8221;50&#8243; shift_x=&#8221;0&#8243; shift_y=&#8221;0&#8243; shift_y_down=&#8221;0&#8243; z_index=&#8221;0&#8243; medium_width=&#8221;0&#8243; mobile_width=&#8221;0&#8243; css_animation=&#8221;bottom-t-top&#8221; width=&#8221;1\/1&#8243; uncode_shortcode_id=&#8221;211448&#8243;][vc_single_image media=&#8221;1256&#8243; media_width_percent=&#8221;100&#8243; uncode_shortcode_id=&#8221;111671&#8243;][vc_single_image media=&#8221;628&#8243; media_width_percent=&#8221;100&#8243; uncode_shortcode_id=&#8221;145365&#8243; media_link=&#8221;url:https%3A%2F%2Fnepasimauk.lt%2Fet%2Fdisinformation-monitoringu|title:Disinformation%20monitoring&#8221;][vc_single_image media=&#8221;767&#8243; media_width_percent=&#8221;100&#8243; uncode_shortcode_id=&#8221;950981&#8243; media_link=&#8221;url:https%3A%2F%2Fnepasimauk.lt%2Fet%2Fvaleinfo-tuvastamise-luhijuhend|title:Disinformation%20Tool-kit&#8221;][vc_empty_space empty_h=&#8221;2&#8243;][\/vc_column_inner][\/vc_row_inner][\/vc_column][\/vc_row]<\/p>\n<\/div>","protected":false},"excerpt":{"rendered":"<p>[vc_row row_height_percent=&#8221;0&#8243; override_padding=&#8221;yes&#8221; h_padding=&#8221;2&#8243; top_padding=&#8221;2&#8243; bottom_padding=&#8221;0&#8243; back_color=&#8221;color-648305&#8243; back_image=&#8221;69&#8243; overlay_alpha=&#8221;50&#8243; gutter_size=&#8221;3&#8243; column_width_percent=&#8221;100&#8243; shift_y=&#8221;0&#8243; z_index=&#8221;0&#8243; uncode_shortcode_id=&#8221;770414&#8243; back_color_type=&#8221;uncode-palette&#8221;][vc_column column_width_percent=&#8221;100&#8243; position_vertical=&#8221;bottom&#8221; gutter_size=&#8221;3&#8243; override_padding=&#8221;yes&#8221; column_padding=&#8221;0&#8243; [&hellip;]<\/p>\n","protected":false},"author":1,"featured_media":883,"parent":0,"menu_order":0,"comment_status":"closed","ping_status":"closed","template":"","meta":{"footnotes":""},"yoast_head":"<!-- This site is optimized with the Yoast SEO plugin v22.1 - https:\/\/yoast.com\/wordpress\/plugins\/seo\/ -->\n<title>Alusta virtuaalset seiklust - Nepasimauk.lt<\/title>\n<meta name=\"robots\" content=\"index, follow, max-snippet:-1, max-image-preview:large, max-video-preview:-1\" \/>\n<link rel=\"canonical\" href=\"https:\/\/nepasimauk.lt\/et\" \/>\n<meta property=\"og:locale\" content=\"et_EE\" \/>\n<meta property=\"og:type\" content=\"article\" \/>\n<meta property=\"og:title\" content=\"Alusta virtuaalset seiklust - Nepasimauk.lt\" \/>\n<meta property=\"og:description\" content=\"[vc_row row_height_percent=&#8221;0&#8243; override_padding=&#8221;yes&#8221; h_padding=&#8221;2&#8243; top_padding=&#8221;2&#8243; bottom_padding=&#8221;0&#8243; back_color=&#8221;color-648305&#8243; back_image=&#8221;69&#8243; overlay_alpha=&#8221;50&#8243; gutter_size=&#8221;3&#8243; column_width_percent=&#8221;100&#8243; shift_y=&#8221;0&#8243; z_index=&#8221;0&#8243; uncode_shortcode_id=&#8221;770414&#8243; back_color_type=&#8221;uncode-palette&#8221;][vc_column column_width_percent=&#8221;100&#8243; position_vertical=&#8221;bottom&#8221; gutter_size=&#8221;3&#8243; override_padding=&#8221;yes&#8221; column_padding=&#8221;0&#8243; [&hellip;]\" \/>\n<meta property=\"og:url\" content=\"https:\/\/nepasimauk.lt\/et\" \/>\n<meta property=\"og:site_name\" content=\"Nepasimauk.lt\" \/>\n<meta property=\"article:modified_time\" content=\"2024-11-29T13:22:51+00:00\" \/>\n<meta property=\"og:image\" content=\"https:\/\/nepasimauk.lt\/wp-content\/uploads\/2024\/01\/bg1.jpg\" \/>\n\t<meta property=\"og:image:width\" content=\"1440\" \/>\n\t<meta property=\"og:image:height\" content=\"917\" \/>\n\t<meta property=\"og:image:type\" content=\"image\/jpeg\" \/>\n<meta name=\"twitter:card\" content=\"summary_large_image\" \/>\n<meta name=\"twitter:label1\" content=\"Est. reading time\" \/>\n\t<meta name=\"twitter:data1\" content=\"2 minutit\" \/>\n<script type=\"application\/ld+json\" class=\"yoast-schema-graph\">{\"@context\":\"https:\/\/schema.org\",\"@graph\":[{\"@type\":\"WebPage\",\"@id\":\"https:\/\/nepasimauk.lt\/et\",\"url\":\"https:\/\/nepasimauk.lt\/et\",\"name\":\"Alusta virtuaalset seiklust - Nepasimauk.lt\",\"isPartOf\":{\"@id\":\"https:\/\/nepasimauk.lt\/#website\"},\"datePublished\":\"2024-01-23T17:42:28+00:00\",\"dateModified\":\"2024-11-29T13:22:51+00:00\",\"breadcrumb\":{\"@id\":\"https:\/\/nepasimauk.lt\/et#breadcrumb\"},\"inLanguage\":\"et\",\"potentialAction\":[{\"@type\":\"ReadAction\",\"target\":[\"https:\/\/nepasimauk.lt\/et\"]}]},{\"@type\":\"BreadcrumbList\",\"@id\":\"https:\/\/nepasimauk.lt\/et#breadcrumb\",\"itemListElement\":[{\"@type\":\"ListItem\",\"position\":1,\"name\":\"Home\",\"item\":\"https:\/\/nepasimauk.lt\/et\"},{\"@type\":\"ListItem\",\"position\":2,\"name\":\"Alusta virtuaalset seiklust\"}]},{\"@type\":\"WebSite\",\"@id\":\"https:\/\/nepasimauk.lt\/#website\",\"url\":\"https:\/\/nepasimauk.lt\/\",\"name\":\"Nepasimauk.lt\",\"description\":\"Dezinformacijos atpa\u017einimo priemoni\u0173 rinkinys\",\"publisher\":{\"@id\":\"https:\/\/nepasimauk.lt\/#organization\"},\"potentialAction\":[{\"@type\":\"SearchAction\",\"target\":{\"@type\":\"EntryPoint\",\"urlTemplate\":\"https:\/\/nepasimauk.lt\/?s={search_term_string}\"},\"query-input\":\"required name=search_term_string\"}],\"inLanguage\":\"et\"},{\"@type\":\"Organization\",\"@id\":\"https:\/\/nepasimauk.lt\/#organization\",\"name\":\"Nepasimauk.lt\",\"url\":\"https:\/\/nepasimauk.lt\/\",\"logo\":{\"@type\":\"ImageObject\",\"inLanguage\":\"et\",\"@id\":\"https:\/\/nepasimauk.lt\/#\/schema\/logo\/image\/\",\"url\":\"https:\/\/nepasimauk.lt\/wp-content\/uploads\/2024\/01\/nepasimauk_logo.svg\",\"contentUrl\":\"https:\/\/nepasimauk.lt\/wp-content\/uploads\/2024\/01\/nepasimauk_logo.svg\",\"width\":\"1\",\"height\":\"1\",\"caption\":\"Nepasimauk.lt\"},\"image\":{\"@id\":\"https:\/\/nepasimauk.lt\/#\/schema\/logo\/image\/\"}}]}<\/script>\n<!-- \/ Yoast SEO plugin. -->","yoast_head_json":{"title":"Alusta virtuaalset seiklust - Nepasimauk.lt","robots":{"index":"index","follow":"follow","max-snippet":"max-snippet:-1","max-image-preview":"max-image-preview:large","max-video-preview":"max-video-preview:-1"},"canonical":"https:\/\/nepasimauk.lt\/et","og_locale":"et_EE","og_type":"article","og_title":"Alusta virtuaalset seiklust - Nepasimauk.lt","og_description":"[vc_row row_height_percent=&#8221;0&#8243; override_padding=&#8221;yes&#8221; h_padding=&#8221;2&#8243; top_padding=&#8221;2&#8243; bottom_padding=&#8221;0&#8243; back_color=&#8221;color-648305&#8243; back_image=&#8221;69&#8243; overlay_alpha=&#8221;50&#8243; gutter_size=&#8221;3&#8243; column_width_percent=&#8221;100&#8243; shift_y=&#8221;0&#8243; z_index=&#8221;0&#8243; uncode_shortcode_id=&#8221;770414&#8243; back_color_type=&#8221;uncode-palette&#8221;][vc_column column_width_percent=&#8221;100&#8243; position_vertical=&#8221;bottom&#8221; gutter_size=&#8221;3&#8243; override_padding=&#8221;yes&#8221; column_padding=&#8221;0&#8243; [&hellip;]","og_url":"https:\/\/nepasimauk.lt\/et","og_site_name":"Nepasimauk.lt","article_modified_time":"2024-11-29T13:22:51+00:00","og_image":[{"width":1440,"height":917,"url":"https:\/\/nepasimauk.lt\/wp-content\/uploads\/2024\/01\/bg1.jpg","type":"image\/jpeg"}],"twitter_card":"summary_large_image","twitter_misc":{"Est. reading time":"2 minutit"},"schema":{"@context":"https:\/\/schema.org","@graph":[{"@type":"WebPage","@id":"https:\/\/nepasimauk.lt\/et","url":"https:\/\/nepasimauk.lt\/et","name":"Alusta virtuaalset seiklust - Nepasimauk.lt","isPartOf":{"@id":"https:\/\/nepasimauk.lt\/#website"},"datePublished":"2024-01-23T17:42:28+00:00","dateModified":"2024-11-29T13:22:51+00:00","breadcrumb":{"@id":"https:\/\/nepasimauk.lt\/et#breadcrumb"},"inLanguage":"et","potentialAction":[{"@type":"ReadAction","target":["https:\/\/nepasimauk.lt\/et"]}]},{"@type":"BreadcrumbList","@id":"https:\/\/nepasimauk.lt\/et#breadcrumb","itemListElement":[{"@type":"ListItem","position":1,"name":"Home","item":"https:\/\/nepasimauk.lt\/et"},{"@type":"ListItem","position":2,"name":"Alusta virtuaalset seiklust"}]},{"@type":"WebSite","@id":"https:\/\/nepasimauk.lt\/#website","url":"https:\/\/nepasimauk.lt\/","name":"Nepasimauk.lt","description":"Dezinformacijos atpa\u017einimo priemoni\u0173 rinkinys","publisher":{"@id":"https:\/\/nepasimauk.lt\/#organization"},"potentialAction":[{"@type":"SearchAction","target":{"@type":"EntryPoint","urlTemplate":"https:\/\/nepasimauk.lt\/?s={search_term_string}"},"query-input":"required name=search_term_string"}],"inLanguage":"et"},{"@type":"Organization","@id":"https:\/\/nepasimauk.lt\/#organization","name":"Nepasimauk.lt","url":"https:\/\/nepasimauk.lt\/","logo":{"@type":"ImageObject","inLanguage":"et","@id":"https:\/\/nepasimauk.lt\/#\/schema\/logo\/image\/","url":"https:\/\/nepasimauk.lt\/wp-content\/uploads\/2024\/01\/nepasimauk_logo.svg","contentUrl":"https:\/\/nepasimauk.lt\/wp-content\/uploads\/2024\/01\/nepasimauk_logo.svg","width":"1","height":"1","caption":"Nepasimauk.lt"},"image":{"@id":"https:\/\/nepasimauk.lt\/#\/schema\/logo\/image\/"}}]}},"_links":{"self":[{"href":"https:\/\/nepasimauk.lt\/et\/wp-json\/wp\/v2\/pages\/868"}],"collection":[{"href":"https:\/\/nepasimauk.lt\/et\/wp-json\/wp\/v2\/pages"}],"about":[{"href":"https:\/\/nepasimauk.lt\/et\/wp-json\/wp\/v2\/types\/page"}],"author":[{"embeddable":true,"href":"https:\/\/nepasimauk.lt\/et\/wp-json\/wp\/v2\/users\/1"}],"replies":[{"embeddable":true,"href":"https:\/\/nepasimauk.lt\/et\/wp-json\/wp\/v2\/comments?post=868"}],"version-history":[{"count":7,"href":"https:\/\/nepasimauk.lt\/et\/wp-json\/wp\/v2\/pages\/868\/revisions"}],"predecessor-version":[{"id":1320,"href":"https:\/\/nepasimauk.lt\/et\/wp-json\/wp\/v2\/pages\/868\/revisions\/1320"}],"wp:featuredmedia":[{"embeddable":true,"href":"https:\/\/nepasimauk.lt\/et\/wp-json\/wp\/v2\/media\/883"}],"wp:attachment":[{"href":"https:\/\/nepasimauk.lt\/et\/wp-json\/wp\/v2\/media?parent=868"}],"curies":[{"name":"wp","href":"https:\/\/api.w.org\/{rel}","templated":true}]}}