{"id":479,"date":"2024-01-29T18:10:25","date_gmt":"2024-01-29T18:10:25","guid":{"rendered":"https:\/\/nepasimauk.lt\/?page_id=479"},"modified":"2025-01-17T13:58:53","modified_gmt":"2025-01-17T13:58:53","slug":"par-projektu","status":"publish","type":"page","link":"https:\/\/nepasimauk.lt\/lv\/par-projektu","title":{"rendered":"Par projektu"},"content":{"rendered":"<div class=\"wpb-content-wrapper\"><p>[vc_row row_height_percent=&#8221;0&#8243; back_image=&#8221;96&#8243; overlay_alpha=&#8221;50&#8243; gutter_size=&#8221;3&#8243; column_width_percent=&#8221;100&#8243; shift_y=&#8221;0&#8243; z_index=&#8221;0&#8243; uncode_shortcode_id=&#8221;136699&#8243;][vc_column width=&#8221;1\/1&#8243;][vc_row_inner][vc_column_inner width=&#8221;1\/2&#8243;][vc_custom_heading auto_text=&#8221;yes&#8221; text_color=&#8221;color-xsdn&#8221; text_size=&#8221;h1&#8243; uncode_shortcode_id=&#8221;616959&#8243; text_color_type=&#8221;uncode-palette&#8221;]This is a custom heading element.[\/vc_custom_heading][\/vc_column_inner][vc_column_inner width=&#8221;1\/2&#8243;][\/vc_column_inner][\/vc_row_inner][\/vc_column][\/vc_row][vc_row][vc_column width=&#8221;1\/1&#8243;][vc_custom_heading heading_semantic=&#8221;h5&#8243; uncode_shortcode_id=&#8221;422991&#8243;]Nepasimauk.lt projekts ir Civic Resilience Initiatives (CRI) ierosin\u0101jums ar m\u0113r\u0137i stiprin\u0101t medijprat\u012bbu un notur\u012bbu pret dezinform\u0101ciju Baltijas valst\u012bs.[\/vc_custom_heading][vc_column_text uncode_shortcode_id=&#8221;875931&#8243;]<strong>1. Datorsp\u0113le \u201cDezinform\u0101cijas med\u012bbas\u201d.<\/strong><br \/>\nBezmaksas sp\u0113le, ko izveidoju\u0161i CRI un \u201cThree Cubes\u201d, balst\u0101s novatorisk\u0101 un iesaisto\u0161\u0101 pieej\u0101, lai pal\u012bdz\u0113tu skol\u0113niem att\u012bst\u012bt kritisko dom\u0101\u0161anu un notur\u012bbu pret dezinform\u0101ciju.<\/p>\n<p><strong>2. Baltijas dezinform\u0101cijas nov\u0113ro\u0161anas platforma.<\/strong><br \/>\n\u0160\u012bs aktivit\u0101tes m\u0113r\u0137is ir sistem\u0101tiski apkarot soci\u0101lo t\u012bklu, mediju un citu komunik\u0101cijas kan\u0101lu izmanto\u0161anu melu izplat\u012b\u0161anai Baltijas re\u0123ion\u0101, analiz\u0113jot kampa\u0146as ar visliel\u0101ko sasniedzam\u012bbu. Dezinform\u0101cija tiek nov\u0113rota Latvij\u0101, Lietuv\u0101 un Igaunij\u0101, \u012bpa\u0161u uzman\u012bbu veltot prokrieviskiem kan\u0101liem.<\/p>\n<p><strong>3. Rokasgr\u0101mata notur\u012bbai pret dezinform\u0101ciju.<\/strong><br \/>\nPraktisku padomu un r\u012bku kr\u0101jums dezinform\u0101cijas identific\u0113\u0161anai, pamatojoties uz br\u012bvi pieejamiem avotiem. \u0160\u012b publik\u0101cija pal\u012bdz\u0113s ne tikai atpaz\u012bt melus, bet ar\u012b nov\u0113rst to izplat\u012b\u0161anos.[\/vc_column_text][vc_column_text text_lead=&#8221;small&#8221; uncode_shortcode_id=&#8221;209080&#8243;]Nepasimauk.lt ir izstr\u0101d\u0101ta ar Google atbalstu[\/vc_column_text][\/vc_column][\/vc_row]<\/p>\n<\/div>","protected":false},"excerpt":{"rendered":"<p>[vc_row row_height_percent=&#8221;0&#8243; back_image=&#8221;96&#8243; overlay_alpha=&#8221;50&#8243; gutter_size=&#8221;3&#8243; column_width_percent=&#8221;100&#8243; shift_y=&#8221;0&#8243; z_index=&#8221;0&#8243; uncode_shortcode_id=&#8221;136699&#8243;][vc_column width=&#8221;1\/1&#8243;][vc_row_inner][vc_column_inner width=&#8221;1\/2&#8243;][vc_custom_heading auto_text=&#8221;yes&#8221; text_color=&#8221;color-xsdn&#8221; text_size=&#8221;h1&#8243; uncode_shortcode_id=&#8221;616959&#8243; text_color_type=&#8221;uncode-palette&#8221;]This is a custom heading [&hellip;]<\/p>\n","protected":false},"author":1,"featured_media":69,"parent":0,"menu_order":0,"comment_status":"closed","ping_status":"closed","template":"","meta":{"footnotes":""},"yoast_head":"<!-- This site is optimized with the Yoast SEO plugin v22.1 - https:\/\/yoast.com\/wordpress\/plugins\/seo\/ -->\n<title>Par projektu - Nepasimauk.lt<\/title>\n<meta name=\"robots\" content=\"index, follow, max-snippet:-1, max-image-preview:large, max-video-preview:-1\" \/>\n<link rel=\"canonical\" href=\"https:\/\/nepasimauk.lt\/lv\/par-projektu\" \/>\n<meta property=\"og:locale\" content=\"lv_LV\" \/>\n<meta property=\"og:type\" content=\"article\" \/>\n<meta property=\"og:title\" content=\"Par projektu - Nepasimauk.lt\" \/>\n<meta property=\"og:description\" content=\"[vc_row row_height_percent=&#8221;0&#8243; back_image=&#8221;96&#8243; overlay_alpha=&#8221;50&#8243; gutter_size=&#8221;3&#8243; column_width_percent=&#8221;100&#8243; shift_y=&#8221;0&#8243; z_index=&#8221;0&#8243; uncode_shortcode_id=&#8221;136699&#8243;][vc_column width=&#8221;1\/1&#8243;][vc_row_inner][vc_column_inner width=&#8221;1\/2&#8243;][vc_custom_heading auto_text=&#8221;yes&#8221; text_color=&#8221;color-xsdn&#8221; text_size=&#8221;h1&#8243; uncode_shortcode_id=&#8221;616959&#8243; text_color_type=&#8221;uncode-palette&#8221;]This is a custom heading [&hellip;]\" \/>\n<meta property=\"og:url\" content=\"https:\/\/nepasimauk.lt\/lv\/par-projektu\" \/>\n<meta property=\"og:site_name\" content=\"Nepasimauk.lt\" \/>\n<meta property=\"article:modified_time\" content=\"2025-01-17T13:58:53+00:00\" \/>\n<meta property=\"og:image\" content=\"https:\/\/nepasimauk.lt\/wp-content\/uploads\/2024\/01\/bg1.jpg\" \/>\n\t<meta property=\"og:image:width\" content=\"1440\" \/>\n\t<meta property=\"og:image:height\" content=\"917\" \/>\n\t<meta property=\"og:image:type\" content=\"image\/jpeg\" \/>\n<meta name=\"twitter:card\" content=\"summary_large_image\" \/>\n<meta name=\"twitter:label1\" content=\"Est. reading time\" \/>\n\t<meta name=\"twitter:data1\" content=\"2 minutes\" \/>\n<script type=\"application\/ld+json\" class=\"yoast-schema-graph\">{\"@context\":\"https:\/\/schema.org\",\"@graph\":[{\"@type\":\"WebPage\",\"@id\":\"https:\/\/nepasimauk.lt\/lv\/par-projektu\",\"url\":\"https:\/\/nepasimauk.lt\/lv\/par-projektu\",\"name\":\"Par projektu - Nepasimauk.lt\",\"isPartOf\":{\"@id\":\"https:\/\/nepasimauk.lt\/#website\"},\"datePublished\":\"2024-01-29T18:10:25+00:00\",\"dateModified\":\"2025-01-17T13:58:53+00:00\",\"breadcrumb\":{\"@id\":\"https:\/\/nepasimauk.lt\/lv\/par-projektu#breadcrumb\"},\"inLanguage\":\"lv-LV\",\"potentialAction\":[{\"@type\":\"ReadAction\",\"target\":[\"https:\/\/nepasimauk.lt\/lv\/par-projektu\"]}]},{\"@type\":\"BreadcrumbList\",\"@id\":\"https:\/\/nepasimauk.lt\/lv\/par-projektu#breadcrumb\",\"itemListElement\":[{\"@type\":\"ListItem\",\"position\":1,\"name\":\"Home\",\"item\":\"https:\/\/nepasimauk.lt\/lv\"},{\"@type\":\"ListItem\",\"position\":2,\"name\":\"Par projektu\"}]},{\"@type\":\"WebSite\",\"@id\":\"https:\/\/nepasimauk.lt\/#website\",\"url\":\"https:\/\/nepasimauk.lt\/\",\"name\":\"Nepasimauk.lt\",\"description\":\"Dezinformacijos atpa\u017einimo priemoni\u0173 rinkinys\",\"publisher\":{\"@id\":\"https:\/\/nepasimauk.lt\/#organization\"},\"potentialAction\":[{\"@type\":\"SearchAction\",\"target\":{\"@type\":\"EntryPoint\",\"urlTemplate\":\"https:\/\/nepasimauk.lt\/?s={search_term_string}\"},\"query-input\":\"required name=search_term_string\"}],\"inLanguage\":\"lv-LV\"},{\"@type\":\"Organization\",\"@id\":\"https:\/\/nepasimauk.lt\/#organization\",\"name\":\"Nepasimauk.lt\",\"url\":\"https:\/\/nepasimauk.lt\/\",\"logo\":{\"@type\":\"ImageObject\",\"inLanguage\":\"lv-LV\",\"@id\":\"https:\/\/nepasimauk.lt\/#\/schema\/logo\/image\/\",\"url\":\"https:\/\/nepasimauk.lt\/wp-content\/uploads\/2024\/01\/nepasimauk_logo.svg\",\"contentUrl\":\"https:\/\/nepasimauk.lt\/wp-content\/uploads\/2024\/01\/nepasimauk_logo.svg\",\"width\":\"1\",\"height\":\"1\",\"caption\":\"Nepasimauk.lt\"},\"image\":{\"@id\":\"https:\/\/nepasimauk.lt\/#\/schema\/logo\/image\/\"}}]}<\/script>\n<!-- \/ Yoast SEO plugin. -->","yoast_head_json":{"title":"Par projektu - Nepasimauk.lt","robots":{"index":"index","follow":"follow","max-snippet":"max-snippet:-1","max-image-preview":"max-image-preview:large","max-video-preview":"max-video-preview:-1"},"canonical":"https:\/\/nepasimauk.lt\/lv\/par-projektu","og_locale":"lv_LV","og_type":"article","og_title":"Par projektu - Nepasimauk.lt","og_description":"[vc_row row_height_percent=&#8221;0&#8243; back_image=&#8221;96&#8243; overlay_alpha=&#8221;50&#8243; gutter_size=&#8221;3&#8243; column_width_percent=&#8221;100&#8243; shift_y=&#8221;0&#8243; z_index=&#8221;0&#8243; uncode_shortcode_id=&#8221;136699&#8243;][vc_column width=&#8221;1\/1&#8243;][vc_row_inner][vc_column_inner width=&#8221;1\/2&#8243;][vc_custom_heading auto_text=&#8221;yes&#8221; text_color=&#8221;color-xsdn&#8221; text_size=&#8221;h1&#8243; uncode_shortcode_id=&#8221;616959&#8243; text_color_type=&#8221;uncode-palette&#8221;]This is a custom heading [&hellip;]","og_url":"https:\/\/nepasimauk.lt\/lv\/par-projektu","og_site_name":"Nepasimauk.lt","article_modified_time":"2025-01-17T13:58:53+00:00","og_image":[{"width":1440,"height":917,"url":"https:\/\/nepasimauk.lt\/wp-content\/uploads\/2024\/01\/bg1.jpg","type":"image\/jpeg"}],"twitter_card":"summary_large_image","twitter_misc":{"Est. reading time":"2 minutes"},"schema":{"@context":"https:\/\/schema.org","@graph":[{"@type":"WebPage","@id":"https:\/\/nepasimauk.lt\/lv\/par-projektu","url":"https:\/\/nepasimauk.lt\/lv\/par-projektu","name":"Par projektu - Nepasimauk.lt","isPartOf":{"@id":"https:\/\/nepasimauk.lt\/#website"},"datePublished":"2024-01-29T18:10:25+00:00","dateModified":"2025-01-17T13:58:53+00:00","breadcrumb":{"@id":"https:\/\/nepasimauk.lt\/lv\/par-projektu#breadcrumb"},"inLanguage":"lv-LV","potentialAction":[{"@type":"ReadAction","target":["https:\/\/nepasimauk.lt\/lv\/par-projektu"]}]},{"@type":"BreadcrumbList","@id":"https:\/\/nepasimauk.lt\/lv\/par-projektu#breadcrumb","itemListElement":[{"@type":"ListItem","position":1,"name":"Home","item":"https:\/\/nepasimauk.lt\/lv"},{"@type":"ListItem","position":2,"name":"Par projektu"}]},{"@type":"WebSite","@id":"https:\/\/nepasimauk.lt\/#website","url":"https:\/\/nepasimauk.lt\/","name":"Nepasimauk.lt","description":"Dezinformacijos atpa\u017einimo priemoni\u0173 rinkinys","publisher":{"@id":"https:\/\/nepasimauk.lt\/#organization"},"potentialAction":[{"@type":"SearchAction","target":{"@type":"EntryPoint","urlTemplate":"https:\/\/nepasimauk.lt\/?s={search_term_string}"},"query-input":"required name=search_term_string"}],"inLanguage":"lv-LV"},{"@type":"Organization","@id":"https:\/\/nepasimauk.lt\/#organization","name":"Nepasimauk.lt","url":"https:\/\/nepasimauk.lt\/","logo":{"@type":"ImageObject","inLanguage":"lv-LV","@id":"https:\/\/nepasimauk.lt\/#\/schema\/logo\/image\/","url":"https:\/\/nepasimauk.lt\/wp-content\/uploads\/2024\/01\/nepasimauk_logo.svg","contentUrl":"https:\/\/nepasimauk.lt\/wp-content\/uploads\/2024\/01\/nepasimauk_logo.svg","width":"1","height":"1","caption":"Nepasimauk.lt"},"image":{"@id":"https:\/\/nepasimauk.lt\/#\/schema\/logo\/image\/"}}]}},"_links":{"self":[{"href":"https:\/\/nepasimauk.lt\/lv\/wp-json\/wp\/v2\/pages\/479"}],"collection":[{"href":"https:\/\/nepasimauk.lt\/lv\/wp-json\/wp\/v2\/pages"}],"about":[{"href":"https:\/\/nepasimauk.lt\/lv\/wp-json\/wp\/v2\/types\/page"}],"author":[{"embeddable":true,"href":"https:\/\/nepasimauk.lt\/lv\/wp-json\/wp\/v2\/users\/1"}],"replies":[{"embeddable":true,"href":"https:\/\/nepasimauk.lt\/lv\/wp-json\/wp\/v2\/comments?post=479"}],"version-history":[{"count":5,"href":"https:\/\/nepasimauk.lt\/lv\/wp-json\/wp\/v2\/pages\/479\/revisions"}],"predecessor-version":[{"id":1362,"href":"https:\/\/nepasimauk.lt\/lv\/wp-json\/wp\/v2\/pages\/479\/revisions\/1362"}],"wp:featuredmedia":[{"embeddable":true,"href":"https:\/\/nepasimauk.lt\/lv\/wp-json\/wp\/v2\/media\/69"}],"wp:attachment":[{"href":"https:\/\/nepasimauk.lt\/lv\/wp-json\/wp\/v2\/media?parent=479"}],"curies":[{"name":"wp","href":"https:\/\/api.w.org\/{rel}","templated":true}]}}