{"id":491,"date":"2024-01-23T19:35:35","date_gmt":"2024-01-23T19:35:35","guid":{"rendered":"https:\/\/nepasimauk.lt\/?page_id=491"},"modified":"2025-01-17T14:10:00","modified_gmt":"2025-01-17T14:10:00","slug":"izturibas-celvedis","status":"publish","type":"page","link":"https:\/\/nepasimauk.lt\/lv\/izturibas-celvedis","title":{"rendered":"Resilience Guide"},"content":{"rendered":"<div class=\"wpb-content-wrapper\"><p>[vc_row row_height_percent=&#8221;0&#8243; back_image=&#8221;96&#8243; overlay_alpha=&#8221;50&#8243; gutter_size=&#8221;3&#8243; column_width_percent=&#8221;100&#8243; shift_y=&#8221;0&#8243; z_index=&#8221;0&#8243; uncode_shortcode_id=&#8221;136699&#8243;][vc_column width=&#8221;1\/1&#8243;][vc_row_inner][vc_column_inner width=&#8221;1\/2&#8243;][\/vc_column_inner][vc_column_inner width=&#8221;1\/2&#8243;][\/vc_column_inner][\/vc_row_inner][\/vc_column][\/vc_row][vc_row][vc_column width=&#8221;1\/1&#8243;][vc_custom_heading heading_semantic=&#8221;h5&#8243; text_size=&#8221;h4&#8243; uncode_shortcode_id=&#8221;150085&#8243;]M\u016bsdien\u0101s piek\u013c\u016bt ikdienas zi\u0146\u0101m ir \u013coti viegli, ta\u010du past\u0101v ar\u012b daudz m\u0113\u0123in\u0101jumu izkrop\u013cot realit\u0101ti. Soci\u0101lie t\u012bkli pied\u0101v\u0101 \u0101tru veidu, k\u0101 uzzin\u0101t par svar\u012bgiem jaut\u0101jumiem, ta\u010du tie ne vienm\u0113r ir dro\u0161s un objekt\u012bvs inform\u0101cijas avots.[\/vc_custom_heading][vc_custom_heading heading_semantic=&#8221;h5&#8243; text_size=&#8221;h4&#8243; uncode_shortcode_id=&#8221;277359&#8243;]Dezinform\u0101cijas r\u012bku komplekts ir viegli lietojams ce\u013cvedis, kas soli pa solim pal\u012bdz p\u0101rbaud\u012bt zi\u0146u avotu uzticam\u012bbu. To izstr\u0101d\u0101ju\u0161i pla\u0161sazi\u0146as l\u012bdzek\u013cu eksperti, un tas m\u0101ca, k\u0101 \u0101tri p\u0101rbaud\u012bt att\u0113lus, video un zi\u0146as, lai p\u0101rliecin\u0101tos par to patiesumu.[\/vc_custom_heading][vc_column_text uncode_shortcode_id=&#8221;203318&#8243;]Dr\u012bzum\u0101 tiks aug\u0161upiel\u0101d\u0113ts iztur\u0113tsp\u0113jas ce\u013cvedis.<br \/>\n[\/vc_column_text][vc_button button_color=&#8221;color-100192&#8243; radius=&#8221;btn-circle&#8221; border_width=&#8221;0&#8243; button_color_type=&#8221;uncode-palette&#8221; icon=&#8221;fa fa-download3&#8243; uncode_shortcode_id=&#8221;342866&#8243; link=&#8221;url:https%3A%2F%2Fnepasimauk.lt%2Fwp-content%2Fuploads%2F2024%2F11%2FdigitalDezinformacijos-TOOLKIT-2.pdf&#8221;]Lejupiel\u0101d\u0113jiet Rokasgr\u0101matu par notur\u012bbu[\/vc_button][\/vc_column][\/vc_row]<\/p>\n<\/div>","protected":false},"excerpt":{"rendered":"<p>[vc_row row_height_percent=&#8221;0&#8243; back_image=&#8221;96&#8243; overlay_alpha=&#8221;50&#8243; gutter_size=&#8221;3&#8243; column_width_percent=&#8221;100&#8243; shift_y=&#8221;0&#8243; z_index=&#8221;0&#8243; uncode_shortcode_id=&#8221;136699&#8243;][vc_column width=&#8221;1\/1&#8243;][vc_row_inner][vc_column_inner width=&#8221;1\/2&#8243;][\/vc_column_inner][vc_column_inner width=&#8221;1\/2&#8243;][\/vc_column_inner][\/vc_row_inner][\/vc_column][\/vc_row][vc_row][vc_column width=&#8221;1\/1&#8243;][vc_custom_heading heading_semantic=&#8221;h5&#8243; text_size=&#8221;h4&#8243; uncode_shortcode_id=&#8221;150085&#8243;]M\u016bsdien\u0101s piek\u013c\u016bt ikdienas zi\u0146\u0101m ir [&hellip;]<\/p>\n","protected":false},"author":1,"featured_media":252,"parent":0,"menu_order":0,"comment_status":"closed","ping_status":"closed","template":"","meta":{"footnotes":""},"yoast_head":"<!-- This site is optimized with the Yoast SEO plugin v22.1 - https:\/\/yoast.com\/wordpress\/plugins\/seo\/ -->\n<title>Resilience Guide - Nepasimauk.lt<\/title>\n<meta name=\"robots\" content=\"index, follow, max-snippet:-1, max-image-preview:large, max-video-preview:-1\" \/>\n<link rel=\"canonical\" href=\"https:\/\/nepasimauk.lt\/lv\/izturibas-celvedis\" \/>\n<meta property=\"og:locale\" content=\"lv_LV\" \/>\n<meta property=\"og:type\" content=\"article\" \/>\n<meta property=\"og:title\" content=\"Resilience Guide - Nepasimauk.lt\" \/>\n<meta property=\"og:description\" content=\"[vc_row row_height_percent=&#8221;0&#8243; back_image=&#8221;96&#8243; overlay_alpha=&#8221;50&#8243; gutter_size=&#8221;3&#8243; column_width_percent=&#8221;100&#8243; shift_y=&#8221;0&#8243; z_index=&#8221;0&#8243; uncode_shortcode_id=&#8221;136699&#8243;][vc_column width=&#8221;1\/1&#8243;][vc_row_inner][vc_column_inner width=&#8221;1\/2&#8243;][\/vc_column_inner][vc_column_inner width=&#8221;1\/2&#8243;][\/vc_column_inner][\/vc_row_inner][\/vc_column][\/vc_row][vc_row][vc_column width=&#8221;1\/1&#8243;][vc_custom_heading heading_semantic=&#8221;h5&#8243; text_size=&#8221;h4&#8243; uncode_shortcode_id=&#8221;150085&#8243;]M\u016bsdien\u0101s piek\u013c\u016bt ikdienas zi\u0146\u0101m ir [&hellip;]\" \/>\n<meta property=\"og:url\" content=\"https:\/\/nepasimauk.lt\/lv\/izturibas-celvedis\" \/>\n<meta property=\"og:site_name\" content=\"Nepasimauk.lt\" \/>\n<meta property=\"article:modified_time\" content=\"2025-01-17T14:10:00+00:00\" \/>\n<meta property=\"og:image\" content=\"https:\/\/nepasimauk.lt\/wp-content\/uploads\/2024\/01\/disinformation_tool_kit_bg.png\" \/>\n\t<meta property=\"og:image:width\" content=\"1440\" \/>\n\t<meta property=\"og:image:height\" content=\"917\" \/>\n\t<meta property=\"og:image:type\" content=\"image\/png\" \/>\n<meta name=\"twitter:card\" content=\"summary_large_image\" \/>\n<meta name=\"twitter:label1\" content=\"Est. reading time\" \/>\n\t<meta name=\"twitter:data1\" content=\"1 minute\" \/>\n<script type=\"application\/ld+json\" class=\"yoast-schema-graph\">{\"@context\":\"https:\/\/schema.org\",\"@graph\":[{\"@type\":\"WebPage\",\"@id\":\"https:\/\/nepasimauk.lt\/lv\/izturibas-celvedis\",\"url\":\"https:\/\/nepasimauk.lt\/lv\/izturibas-celvedis\",\"name\":\"Resilience Guide - Nepasimauk.lt\",\"isPartOf\":{\"@id\":\"https:\/\/nepasimauk.lt\/#website\"},\"datePublished\":\"2024-01-23T19:35:35+00:00\",\"dateModified\":\"2025-01-17T14:10:00+00:00\",\"breadcrumb\":{\"@id\":\"https:\/\/nepasimauk.lt\/lv\/izturibas-celvedis#breadcrumb\"},\"inLanguage\":\"lv-LV\",\"potentialAction\":[{\"@type\":\"ReadAction\",\"target\":[\"https:\/\/nepasimauk.lt\/lv\/izturibas-celvedis\"]}]},{\"@type\":\"BreadcrumbList\",\"@id\":\"https:\/\/nepasimauk.lt\/lv\/izturibas-celvedis#breadcrumb\",\"itemListElement\":[{\"@type\":\"ListItem\",\"position\":1,\"name\":\"Home\",\"item\":\"https:\/\/nepasimauk.lt\/lv\"},{\"@type\":\"ListItem\",\"position\":2,\"name\":\"Resilience Guide\"}]},{\"@type\":\"WebSite\",\"@id\":\"https:\/\/nepasimauk.lt\/#website\",\"url\":\"https:\/\/nepasimauk.lt\/\",\"name\":\"Nepasimauk.lt\",\"description\":\"Dezinformacijos atpa\u017einimo priemoni\u0173 rinkinys\",\"publisher\":{\"@id\":\"https:\/\/nepasimauk.lt\/#organization\"},\"potentialAction\":[{\"@type\":\"SearchAction\",\"target\":{\"@type\":\"EntryPoint\",\"urlTemplate\":\"https:\/\/nepasimauk.lt\/?s={search_term_string}\"},\"query-input\":\"required name=search_term_string\"}],\"inLanguage\":\"lv-LV\"},{\"@type\":\"Organization\",\"@id\":\"https:\/\/nepasimauk.lt\/#organization\",\"name\":\"Nepasimauk.lt\",\"url\":\"https:\/\/nepasimauk.lt\/\",\"logo\":{\"@type\":\"ImageObject\",\"inLanguage\":\"lv-LV\",\"@id\":\"https:\/\/nepasimauk.lt\/#\/schema\/logo\/image\/\",\"url\":\"https:\/\/nepasimauk.lt\/wp-content\/uploads\/2024\/01\/nepasimauk_logo.svg\",\"contentUrl\":\"https:\/\/nepasimauk.lt\/wp-content\/uploads\/2024\/01\/nepasimauk_logo.svg\",\"width\":\"1\",\"height\":\"1\",\"caption\":\"Nepasimauk.lt\"},\"image\":{\"@id\":\"https:\/\/nepasimauk.lt\/#\/schema\/logo\/image\/\"}}]}<\/script>\n<!-- \/ Yoast SEO plugin. -->","yoast_head_json":{"title":"Resilience Guide - Nepasimauk.lt","robots":{"index":"index","follow":"follow","max-snippet":"max-snippet:-1","max-image-preview":"max-image-preview:large","max-video-preview":"max-video-preview:-1"},"canonical":"https:\/\/nepasimauk.lt\/lv\/izturibas-celvedis","og_locale":"lv_LV","og_type":"article","og_title":"Resilience Guide - Nepasimauk.lt","og_description":"[vc_row row_height_percent=&#8221;0&#8243; back_image=&#8221;96&#8243; overlay_alpha=&#8221;50&#8243; gutter_size=&#8221;3&#8243; column_width_percent=&#8221;100&#8243; shift_y=&#8221;0&#8243; z_index=&#8221;0&#8243; uncode_shortcode_id=&#8221;136699&#8243;][vc_column width=&#8221;1\/1&#8243;][vc_row_inner][vc_column_inner width=&#8221;1\/2&#8243;][\/vc_column_inner][vc_column_inner width=&#8221;1\/2&#8243;][\/vc_column_inner][\/vc_row_inner][\/vc_column][\/vc_row][vc_row][vc_column width=&#8221;1\/1&#8243;][vc_custom_heading heading_semantic=&#8221;h5&#8243; text_size=&#8221;h4&#8243; uncode_shortcode_id=&#8221;150085&#8243;]M\u016bsdien\u0101s piek\u013c\u016bt ikdienas zi\u0146\u0101m ir [&hellip;]","og_url":"https:\/\/nepasimauk.lt\/lv\/izturibas-celvedis","og_site_name":"Nepasimauk.lt","article_modified_time":"2025-01-17T14:10:00+00:00","og_image":[{"width":1440,"height":917,"url":"https:\/\/nepasimauk.lt\/wp-content\/uploads\/2024\/01\/disinformation_tool_kit_bg.png","type":"image\/png"}],"twitter_card":"summary_large_image","twitter_misc":{"Est. reading time":"1 minute"},"schema":{"@context":"https:\/\/schema.org","@graph":[{"@type":"WebPage","@id":"https:\/\/nepasimauk.lt\/lv\/izturibas-celvedis","url":"https:\/\/nepasimauk.lt\/lv\/izturibas-celvedis","name":"Resilience Guide - Nepasimauk.lt","isPartOf":{"@id":"https:\/\/nepasimauk.lt\/#website"},"datePublished":"2024-01-23T19:35:35+00:00","dateModified":"2025-01-17T14:10:00+00:00","breadcrumb":{"@id":"https:\/\/nepasimauk.lt\/lv\/izturibas-celvedis#breadcrumb"},"inLanguage":"lv-LV","potentialAction":[{"@type":"ReadAction","target":["https:\/\/nepasimauk.lt\/lv\/izturibas-celvedis"]}]},{"@type":"BreadcrumbList","@id":"https:\/\/nepasimauk.lt\/lv\/izturibas-celvedis#breadcrumb","itemListElement":[{"@type":"ListItem","position":1,"name":"Home","item":"https:\/\/nepasimauk.lt\/lv"},{"@type":"ListItem","position":2,"name":"Resilience Guide"}]},{"@type":"WebSite","@id":"https:\/\/nepasimauk.lt\/#website","url":"https:\/\/nepasimauk.lt\/","name":"Nepasimauk.lt","description":"Dezinformacijos atpa\u017einimo priemoni\u0173 rinkinys","publisher":{"@id":"https:\/\/nepasimauk.lt\/#organization"},"potentialAction":[{"@type":"SearchAction","target":{"@type":"EntryPoint","urlTemplate":"https:\/\/nepasimauk.lt\/?s={search_term_string}"},"query-input":"required name=search_term_string"}],"inLanguage":"lv-LV"},{"@type":"Organization","@id":"https:\/\/nepasimauk.lt\/#organization","name":"Nepasimauk.lt","url":"https:\/\/nepasimauk.lt\/","logo":{"@type":"ImageObject","inLanguage":"lv-LV","@id":"https:\/\/nepasimauk.lt\/#\/schema\/logo\/image\/","url":"https:\/\/nepasimauk.lt\/wp-content\/uploads\/2024\/01\/nepasimauk_logo.svg","contentUrl":"https:\/\/nepasimauk.lt\/wp-content\/uploads\/2024\/01\/nepasimauk_logo.svg","width":"1","height":"1","caption":"Nepasimauk.lt"},"image":{"@id":"https:\/\/nepasimauk.lt\/#\/schema\/logo\/image\/"}}]}},"_links":{"self":[{"href":"https:\/\/nepasimauk.lt\/lv\/wp-json\/wp\/v2\/pages\/491"}],"collection":[{"href":"https:\/\/nepasimauk.lt\/lv\/wp-json\/wp\/v2\/pages"}],"about":[{"href":"https:\/\/nepasimauk.lt\/lv\/wp-json\/wp\/v2\/types\/page"}],"author":[{"embeddable":true,"href":"https:\/\/nepasimauk.lt\/lv\/wp-json\/wp\/v2\/users\/1"}],"replies":[{"embeddable":true,"href":"https:\/\/nepasimauk.lt\/lv\/wp-json\/wp\/v2\/comments?post=491"}],"version-history":[{"count":4,"href":"https:\/\/nepasimauk.lt\/lv\/wp-json\/wp\/v2\/pages\/491\/revisions"}],"predecessor-version":[{"id":1366,"href":"https:\/\/nepasimauk.lt\/lv\/wp-json\/wp\/v2\/pages\/491\/revisions\/1366"}],"wp:featuredmedia":[{"embeddable":true,"href":"https:\/\/nepasimauk.lt\/lv\/wp-json\/wp\/v2\/media\/252"}],"wp:attachment":[{"href":"https:\/\/nepasimauk.lt\/lv\/wp-json\/wp\/v2\/media?parent=491"}],"curies":[{"name":"wp","href":"https:\/\/api.w.org\/{rel}","templated":true}]}}