{"id":696,"date":"2024-01-23T18:37:31","date_gmt":"2024-01-23T18:37:31","guid":{"rendered":"https:\/\/nepasimauk.lt\/?page_id=696"},"modified":"2025-01-17T14:17:12","modified_gmt":"2025-01-17T14:17:12","slug":"dezinformacijas-noverosana","status":"publish","type":"page","link":"https:\/\/nepasimauk.lt\/lv\/dezinformacijas-noverosana","title":{"rendered":"Dezinform\u0101cijas nov\u0113ro\u0161ana"},"content":{"rendered":"<div class=\"wpb-content-wrapper\"><p>[vc_row row_height_percent=&#8221;0&#8243; override_padding=&#8221;yes&#8221; h_padding=&#8221;2&#8243; top_padding=&#8221;2&#8243; bottom_padding=&#8221;0&#8243; back_image=&#8221;105&#8243; overlay_alpha=&#8221;50&#8243; gutter_size=&#8221;3&#8243; column_width_percent=&#8221;100&#8243; shift_y=&#8221;0&#8243; z_index=&#8221;0&#8243; uncode_shortcode_id=&#8221;632921&#8243;][vc_column column_width_percent=&#8221;100&#8243; position_vertical=&#8221;bottom&#8221; gutter_size=&#8221;3&#8243; override_padding=&#8221;yes&#8221; column_padding=&#8221;0&#8243; overlay_alpha=&#8221;50&#8243; shift_x=&#8221;0&#8243; shift_y=&#8221;0&#8243; shift_y_down=&#8221;0&#8243; z_index=&#8221;0&#8243; medium_width=&#8221;0&#8243; mobile_width=&#8221;0&#8243; width=&#8221;1\/1&#8243; uncode_shortcode_id=&#8221;253050&#8243;][vc_row_inner][vc_column_inner width=&#8221;2\/3&#8243;][vc_single_image media=&#8221;713&#8243; media_width_percent=&#8221;66&#8243; uncode_shortcode_id=&#8221;152452&#8243;][vc_column_text text_color=&#8221;color-xsdn&#8221; uncode_shortcode_id=&#8221;576736&#8243; text_color_type=&#8221;uncode-palette&#8221;]Dezinform\u0101cijas nov\u0113ro\u0161ana platforma darbojas k\u0101 datub\u0101ze, kas pied\u0101v\u0101 ikned\u0113\u013cas un ikm\u0113ne\u0161a zi\u0146ojumus \u017eurn\u0101listiem un pilsonisk\u0101s sabiedr\u012bbas p\u0101rst\u0101vjiem par Baltijas valst\u012bs veiktaj\u0101m nepatiesas inform\u0101cijas kampa\u0146\u0101m. Ikned\u0113\u013cas p\u0101rskatos ir izceltas dezinform\u0101cijas tendences, savuk\u0101rt ikm\u0113ne\u0161a zi\u0146ojumi pied\u0101v\u0101 padzi\u013cin\u0101tu anal\u012bzi par konkr\u0113tiem gad\u012bjumiem, kas saglab\u0101j\u0101s vis\u0101 period\u0101.[\/vc_column_text][vc_button button_color=&#8221;color-134975&#8243; radius=&#8221;btn-circle&#8221; border_width=&#8221;0&#8243; button_color_type=&#8221;uncode-palette&#8221; uncode_shortcode_id=&#8221;540057&#8243; link=&#8221;url:https%3A%2F%2Fbalticdisinfo.eu%2F|target:_blank&#8221; icon=&#8221;fa fa-link3&#8243;]Apmekl\u0113jiet vietni[\/vc_button][vc_empty_space empty_h=&#8221;2&#8243;][\/vc_column_inner][vc_column_inner width=&#8221;1\/3&#8243;][\/vc_column_inner][\/vc_row_inner][vc_row_inner row_inner_height_percent=&#8221;0&#8243; overlay_alpha=&#8221;50&#8243; gutter_size=&#8221;3&#8243; shift_y=&#8221;0&#8243; z_index=&#8221;0&#8243; medium_visibility=&#8221;yes&#8221; mobile_visibility=&#8221;yes&#8221; uncode_shortcode_id=&#8221;186351&#8243;][vc_column_inner column_width_percent=&#8221;100&#8243; gutter_size=&#8221;3&#8243; overlay_alpha=&#8221;50&#8243; shift_x=&#8221;0&#8243; shift_y=&#8221;0&#8243; shift_y_down=&#8221;0&#8243; z_index=&#8221;0&#8243; medium_width=&#8221;0&#8243; mobile_width=&#8221;0&#8243; css_animation=&#8221;bottom-t-top&#8221; width=&#8221;1\/3&#8243; uncode_shortcode_id=&#8221;211448&#8243;][vc_single_image media=&#8221;1378&#8243; media_width_percent=&#8221;100&#8243; uncode_shortcode_id=&#8221;167435&#8243; media_link=&#8221;url:https%3A%2F%2Fnepasimauk.lt%2Flv|title:Disinformation%20Challenge&#8221;][\/vc_column_inner][vc_column_inner column_width_percent=&#8221;100&#8243; gutter_size=&#8221;3&#8243; overlay_alpha=&#8221;50&#8243; shift_x=&#8221;0&#8243; shift_y=&#8221;0&#8243; shift_y_down=&#8221;0&#8243; z_index=&#8221;0&#8243; medium_width=&#8221;0&#8243; mobile_width=&#8221;0&#8243; css_animation=&#8221;bottom-t-top&#8221; animation_delay=&#8221;200&#8243; width=&#8221;1\/3&#8243; uncode_shortcode_id=&#8221;217539&#8243;][vc_single_image media=&#8221;718&#8243; media_width_percent=&#8221;100&#8243; uncode_shortcode_id=&#8221;207735&#8243; media_link=&#8221;title:Disinformation%20monitoring&#8221;][\/vc_column_inner][vc_column_inner column_width_percent=&#8221;100&#8243; gutter_size=&#8221;3&#8243; overlay_alpha=&#8221;50&#8243; shift_x=&#8221;0&#8243; shift_y=&#8221;0&#8243; shift_y_down=&#8221;0&#8243; z_index=&#8221;0&#8243; medium_width=&#8221;0&#8243; mobile_width=&#8221;0&#8243; css_animation=&#8221;bottom-t-top&#8221; animation_delay=&#8221;400&#8243; width=&#8221;1\/3&#8243; uncode_shortcode_id=&#8221;627132&#8243;][vc_single_image media=&#8221;723&#8243; media_width_percent=&#8221;100&#8243; uncode_shortcode_id=&#8221;136629&#8243; media_link=&#8221;url:https%3A%2F%2Fnepasimauk.lt%2Flv%2Frokasgramatu-noturibai-pret-dezinformaciju|title:Disinformation%20Tool-kit&#8221;][\/vc_column_inner][\/vc_row_inner][vc_row_inner row_inner_height_percent=&#8221;0&#8243; overlay_alpha=&#8221;50&#8243; gutter_size=&#8221;3&#8243; shift_y=&#8221;0&#8243; z_index=&#8221;0&#8243; desktop_visibility=&#8221;yes&#8221; uncode_shortcode_id=&#8221;526043&#8243;][vc_column_inner column_width_percent=&#8221;100&#8243; gutter_size=&#8221;3&#8243; overlay_alpha=&#8221;50&#8243; shift_x=&#8221;0&#8243; shift_y=&#8221;0&#8243; shift_y_down=&#8221;0&#8243; z_index=&#8221;0&#8243; medium_width=&#8221;0&#8243; mobile_width=&#8221;0&#8243; css_animation=&#8221;bottom-t-top&#8221; width=&#8221;1\/1&#8243; uncode_shortcode_id=&#8221;211448&#8243;][vc_single_image media=&#8221;1384&#8243; media_width_percent=&#8221;100&#8243; uncode_shortcode_id=&#8221;739024&#8243; media_link=&#8221;url:https%3A%2F%2Fnepasimauk.lt%2Flv|title:Disinformation%20Challenge&#8221;][vc_single_image media=&#8221;343&#8243; media_width_percent=&#8221;100&#8243; uncode_shortcode_id=&#8221;193854&#8243; media_link=&#8221;title:Disinformation%20monitoring&#8221;][vc_single_image media=&#8221;345&#8243; media_width_percent=&#8221;100&#8243; uncode_shortcode_id=&#8221;189782&#8243; media_link=&#8221;url:https%3A%2F%2Fnepasimauk.lt%2Flv%2Frokasgramatu-noturibai-pret-dezinformaciju|title:Disinformation%20Tool-kit&#8221;][vc_empty_space empty_h=&#8221;2&#8243;][\/vc_column_inner][\/vc_row_inner][\/vc_column][\/vc_row]<\/p>\n<\/div>","protected":false},"excerpt":{"rendered":"<p>[vc_row row_height_percent=&#8221;0&#8243; override_padding=&#8221;yes&#8221; h_padding=&#8221;2&#8243; top_padding=&#8221;2&#8243; bottom_padding=&#8221;0&#8243; back_image=&#8221;105&#8243; overlay_alpha=&#8221;50&#8243; gutter_size=&#8221;3&#8243; column_width_percent=&#8221;100&#8243; shift_y=&#8221;0&#8243; z_index=&#8221;0&#8243; uncode_shortcode_id=&#8221;632921&#8243;][vc_column column_width_percent=&#8221;100&#8243; position_vertical=&#8221;bottom&#8221; gutter_size=&#8221;3&#8243; override_padding=&#8221;yes&#8221; column_padding=&#8221;0&#8243; overlay_alpha=&#8221;50&#8243; shift_x=&#8221;0&#8243; [&hellip;]<\/p>\n","protected":false},"author":1,"featured_media":291,"parent":0,"menu_order":0,"comment_status":"closed","ping_status":"closed","template":"","meta":{"footnotes":""},"yoast_head":"<!-- This site is optimized with the Yoast SEO plugin v22.1 - https:\/\/yoast.com\/wordpress\/plugins\/seo\/ -->\n<title>Dezinform\u0101cijas nov\u0113ro\u0161ana - Nepasimauk.lt<\/title>\n<meta name=\"robots\" content=\"index, follow, max-snippet:-1, max-image-preview:large, max-video-preview:-1\" \/>\n<link rel=\"canonical\" href=\"https:\/\/nepasimauk.lt\/lv\/dezinformacijas-noverosana\" \/>\n<meta property=\"og:locale\" content=\"lv_LV\" \/>\n<meta property=\"og:type\" content=\"article\" \/>\n<meta property=\"og:title\" content=\"Dezinform\u0101cijas nov\u0113ro\u0161ana - Nepasimauk.lt\" \/>\n<meta property=\"og:description\" content=\"[vc_row row_height_percent=&#8221;0&#8243; override_padding=&#8221;yes&#8221; h_padding=&#8221;2&#8243; top_padding=&#8221;2&#8243; bottom_padding=&#8221;0&#8243; back_image=&#8221;105&#8243; overlay_alpha=&#8221;50&#8243; gutter_size=&#8221;3&#8243; column_width_percent=&#8221;100&#8243; shift_y=&#8221;0&#8243; z_index=&#8221;0&#8243; uncode_shortcode_id=&#8221;632921&#8243;][vc_column column_width_percent=&#8221;100&#8243; position_vertical=&#8221;bottom&#8221; gutter_size=&#8221;3&#8243; override_padding=&#8221;yes&#8221; column_padding=&#8221;0&#8243; overlay_alpha=&#8221;50&#8243; shift_x=&#8221;0&#8243; [&hellip;]\" \/>\n<meta property=\"og:url\" content=\"https:\/\/nepasimauk.lt\/lv\/dezinformacijas-noverosana\" \/>\n<meta property=\"og:site_name\" content=\"Nepasimauk.lt\" \/>\n<meta property=\"article:modified_time\" content=\"2025-01-17T14:17:12+00:00\" \/>\n<meta property=\"og:image\" content=\"https:\/\/nepasimauk.lt\/wp-content\/uploads\/2024\/02\/nepasimauk.lt_.png\" \/>\n\t<meta property=\"og:image:width\" content=\"1440\" \/>\n\t<meta property=\"og:image:height\" content=\"874\" \/>\n\t<meta property=\"og:image:type\" content=\"image\/png\" \/>\n<meta name=\"twitter:card\" content=\"summary_large_image\" \/>\n<meta name=\"twitter:label1\" content=\"Est. reading time\" \/>\n\t<meta name=\"twitter:data1\" content=\"2 minutes\" \/>\n<script type=\"application\/ld+json\" class=\"yoast-schema-graph\">{\"@context\":\"https:\/\/schema.org\",\"@graph\":[{\"@type\":\"WebPage\",\"@id\":\"https:\/\/nepasimauk.lt\/lv\/dezinformacijas-noverosana\",\"url\":\"https:\/\/nepasimauk.lt\/lv\/dezinformacijas-noverosana\",\"name\":\"Dezinform\u0101cijas nov\u0113ro\u0161ana - Nepasimauk.lt\",\"isPartOf\":{\"@id\":\"https:\/\/nepasimauk.lt\/#website\"},\"datePublished\":\"2024-01-23T18:37:31+00:00\",\"dateModified\":\"2025-01-17T14:17:12+00:00\",\"breadcrumb\":{\"@id\":\"https:\/\/nepasimauk.lt\/lv\/dezinformacijas-noverosana#breadcrumb\"},\"inLanguage\":\"lv-LV\",\"potentialAction\":[{\"@type\":\"ReadAction\",\"target\":[\"https:\/\/nepasimauk.lt\/lv\/dezinformacijas-noverosana\"]}]},{\"@type\":\"BreadcrumbList\",\"@id\":\"https:\/\/nepasimauk.lt\/lv\/dezinformacijas-noverosana#breadcrumb\",\"itemListElement\":[{\"@type\":\"ListItem\",\"position\":1,\"name\":\"Home\",\"item\":\"https:\/\/nepasimauk.lt\/lv\"},{\"@type\":\"ListItem\",\"position\":2,\"name\":\"Dezinform\u0101cijas nov\u0113ro\u0161ana\"}]},{\"@type\":\"WebSite\",\"@id\":\"https:\/\/nepasimauk.lt\/#website\",\"url\":\"https:\/\/nepasimauk.lt\/\",\"name\":\"Nepasimauk.lt\",\"description\":\"Dezinformacijos atpa\u017einimo priemoni\u0173 rinkinys\",\"publisher\":{\"@id\":\"https:\/\/nepasimauk.lt\/#organization\"},\"potentialAction\":[{\"@type\":\"SearchAction\",\"target\":{\"@type\":\"EntryPoint\",\"urlTemplate\":\"https:\/\/nepasimauk.lt\/?s={search_term_string}\"},\"query-input\":\"required name=search_term_string\"}],\"inLanguage\":\"lv-LV\"},{\"@type\":\"Organization\",\"@id\":\"https:\/\/nepasimauk.lt\/#organization\",\"name\":\"Nepasimauk.lt\",\"url\":\"https:\/\/nepasimauk.lt\/\",\"logo\":{\"@type\":\"ImageObject\",\"inLanguage\":\"lv-LV\",\"@id\":\"https:\/\/nepasimauk.lt\/#\/schema\/logo\/image\/\",\"url\":\"https:\/\/nepasimauk.lt\/wp-content\/uploads\/2024\/01\/nepasimauk_logo.svg\",\"contentUrl\":\"https:\/\/nepasimauk.lt\/wp-content\/uploads\/2024\/01\/nepasimauk_logo.svg\",\"width\":\"1\",\"height\":\"1\",\"caption\":\"Nepasimauk.lt\"},\"image\":{\"@id\":\"https:\/\/nepasimauk.lt\/#\/schema\/logo\/image\/\"}}]}<\/script>\n<!-- \/ Yoast SEO plugin. -->","yoast_head_json":{"title":"Dezinform\u0101cijas nov\u0113ro\u0161ana - Nepasimauk.lt","robots":{"index":"index","follow":"follow","max-snippet":"max-snippet:-1","max-image-preview":"max-image-preview:large","max-video-preview":"max-video-preview:-1"},"canonical":"https:\/\/nepasimauk.lt\/lv\/dezinformacijas-noverosana","og_locale":"lv_LV","og_type":"article","og_title":"Dezinform\u0101cijas nov\u0113ro\u0161ana - Nepasimauk.lt","og_description":"[vc_row row_height_percent=&#8221;0&#8243; override_padding=&#8221;yes&#8221; h_padding=&#8221;2&#8243; top_padding=&#8221;2&#8243; bottom_padding=&#8221;0&#8243; back_image=&#8221;105&#8243; overlay_alpha=&#8221;50&#8243; gutter_size=&#8221;3&#8243; column_width_percent=&#8221;100&#8243; shift_y=&#8221;0&#8243; z_index=&#8221;0&#8243; uncode_shortcode_id=&#8221;632921&#8243;][vc_column column_width_percent=&#8221;100&#8243; position_vertical=&#8221;bottom&#8221; gutter_size=&#8221;3&#8243; override_padding=&#8221;yes&#8221; column_padding=&#8221;0&#8243; overlay_alpha=&#8221;50&#8243; shift_x=&#8221;0&#8243; [&hellip;]","og_url":"https:\/\/nepasimauk.lt\/lv\/dezinformacijas-noverosana","og_site_name":"Nepasimauk.lt","article_modified_time":"2025-01-17T14:17:12+00:00","og_image":[{"width":1440,"height":874,"url":"https:\/\/nepasimauk.lt\/wp-content\/uploads\/2024\/02\/nepasimauk.lt_.png","type":"image\/png"}],"twitter_card":"summary_large_image","twitter_misc":{"Est. reading time":"2 minutes"},"schema":{"@context":"https:\/\/schema.org","@graph":[{"@type":"WebPage","@id":"https:\/\/nepasimauk.lt\/lv\/dezinformacijas-noverosana","url":"https:\/\/nepasimauk.lt\/lv\/dezinformacijas-noverosana","name":"Dezinform\u0101cijas nov\u0113ro\u0161ana - Nepasimauk.lt","isPartOf":{"@id":"https:\/\/nepasimauk.lt\/#website"},"datePublished":"2024-01-23T18:37:31+00:00","dateModified":"2025-01-17T14:17:12+00:00","breadcrumb":{"@id":"https:\/\/nepasimauk.lt\/lv\/dezinformacijas-noverosana#breadcrumb"},"inLanguage":"lv-LV","potentialAction":[{"@type":"ReadAction","target":["https:\/\/nepasimauk.lt\/lv\/dezinformacijas-noverosana"]}]},{"@type":"BreadcrumbList","@id":"https:\/\/nepasimauk.lt\/lv\/dezinformacijas-noverosana#breadcrumb","itemListElement":[{"@type":"ListItem","position":1,"name":"Home","item":"https:\/\/nepasimauk.lt\/lv"},{"@type":"ListItem","position":2,"name":"Dezinform\u0101cijas nov\u0113ro\u0161ana"}]},{"@type":"WebSite","@id":"https:\/\/nepasimauk.lt\/#website","url":"https:\/\/nepasimauk.lt\/","name":"Nepasimauk.lt","description":"Dezinformacijos atpa\u017einimo priemoni\u0173 rinkinys","publisher":{"@id":"https:\/\/nepasimauk.lt\/#organization"},"potentialAction":[{"@type":"SearchAction","target":{"@type":"EntryPoint","urlTemplate":"https:\/\/nepasimauk.lt\/?s={search_term_string}"},"query-input":"required name=search_term_string"}],"inLanguage":"lv-LV"},{"@type":"Organization","@id":"https:\/\/nepasimauk.lt\/#organization","name":"Nepasimauk.lt","url":"https:\/\/nepasimauk.lt\/","logo":{"@type":"ImageObject","inLanguage":"lv-LV","@id":"https:\/\/nepasimauk.lt\/#\/schema\/logo\/image\/","url":"https:\/\/nepasimauk.lt\/wp-content\/uploads\/2024\/01\/nepasimauk_logo.svg","contentUrl":"https:\/\/nepasimauk.lt\/wp-content\/uploads\/2024\/01\/nepasimauk_logo.svg","width":"1","height":"1","caption":"Nepasimauk.lt"},"image":{"@id":"https:\/\/nepasimauk.lt\/#\/schema\/logo\/image\/"}}]}},"_links":{"self":[{"href":"https:\/\/nepasimauk.lt\/lv\/wp-json\/wp\/v2\/pages\/696"}],"collection":[{"href":"https:\/\/nepasimauk.lt\/lv\/wp-json\/wp\/v2\/pages"}],"about":[{"href":"https:\/\/nepasimauk.lt\/lv\/wp-json\/wp\/v2\/types\/page"}],"author":[{"embeddable":true,"href":"https:\/\/nepasimauk.lt\/lv\/wp-json\/wp\/v2\/users\/1"}],"replies":[{"embeddable":true,"href":"https:\/\/nepasimauk.lt\/lv\/wp-json\/wp\/v2\/comments?post=696"}],"version-history":[{"count":6,"href":"https:\/\/nepasimauk.lt\/lv\/wp-json\/wp\/v2\/pages\/696\/revisions"}],"predecessor-version":[{"id":1390,"href":"https:\/\/nepasimauk.lt\/lv\/wp-json\/wp\/v2\/pages\/696\/revisions\/1390"}],"wp:featuredmedia":[{"embeddable":true,"href":"https:\/\/nepasimauk.lt\/lv\/wp-json\/wp\/v2\/media\/291"}],"wp:attachment":[{"href":"https:\/\/nepasimauk.lt\/lv\/wp-json\/wp\/v2\/media?parent=696"}],"curies":[{"name":"wp","href":"https:\/\/api.w.org\/{rel}","templated":true}]}}